{"id":1112,"date":"2021-10-01T15:04:14","date_gmt":"2021-10-01T15:04:14","guid":{"rendered":"https:\/\/miv-san.org\/?page_id=1112"},"modified":"2023-12-08T15:53:29","modified_gmt":"2023-12-08T15:53:29","slug":"yonetim-kurulu-3","status":"publish","type":"page","link":"https:\/\/miv-san.org\/?page_id=1112","title":{"rendered":"6. D\u00f6nem Y\u00f6netim Kurulu"},"content":{"rendered":"<p>[vc_row cth_layout=&#8221;monolit_page_sec&#8221; el_id=&#8221;sec1&#8243;][vc_column offset=&#8221;vc_col-md-8&#8243;][vc_column_text]<\/p>\n<h2 class=\"section-title\">6. D\u00f6nem (2022-2024) Y\u00f6netim Kurulu<\/h2>\n<div class=\"process-box\"><\/div>\n<p>[\/vc_column_text][vc_empty_space][vc_row_inner][\/vc_row_inner][vc_column_inner width=&#8221;1\/2&#8243;][vc_column_text]<\/p>\n<h3 class=\"yon-kurulp\">As\u0131l Y\u00f6netim Kurulu \u00dcyeleri<\/h3>\n<p>&nbsp;<\/p>\n<blockquote><p>1. Erol T\u00fcrkmen-Ba\u015fkan (\u0130stanbul)<br \/>\n<small><i>(14.11.2021 tarihine kadar)<\/i><\/small><br \/>\n2. Dil\u015fad Akta\u015f Canatay-Ba\u015fkan (\u0130stanbul)<br \/>\n<small><i>(14.11.2021 tarihinden itibaren)<\/i><\/small><br \/>\n3. Salt\u0131k Y\u00fcceer-2. Ba\u015fkan (\u0130stanbul-<span style=\"font-weight: 400;\">Kad\u0131k\u00f6y<\/span>)<br \/>\n4. Ramadan Cesur-Sekreter \u00dcye (\u0130stanbul)<br \/>\n5 Leman Ardo\u011fan-Sayman \u00dcye (Ankara)<br \/>\n6. Haluk G\u00f6k\u00e7ay-\u00dcye (Mersin)<br \/>\n7. Leyla Celep G\u00fcrsoy-\u00dcye (\u0130stanbul-Bak\u0131rk\u00f6y)<br \/>\n8. Ay\u00e7a Kut-\u00dcye (\u0130stanbul-Yalova)<\/p><\/blockquote>\n<p>[\/vc_column_text][\/vc_column_inner][vc_column_inner width=&#8221;1\/2&#8243;][vc_column_text]<\/p>\n<h3 class=\"yon-kurulp\">Yedek Y\u00f6netim Kurulu \u00dcyeleri<\/h3>\n<p>&nbsp;<\/p>\n<blockquote><p>1. M. Sinan \u00d6zkan (\u0130stanbul-Silivri)<br \/>\n2. Selcan Be\u015fik (Ordu-Fatsa)<br \/>\n3. \u0130lmen G\u00f6zde (\u0130stanbul-Bak\u0131rk\u00f6y)<br \/>\n4. Petek Ceyhan (Ankara)<br \/>\n5. Deniz \u00d6zt\u00fcrk (Mu\u011fla-Bodrum)<br \/>\n6. Bar\u0131\u015f Ayberkin (\u0130stanbul-Kad\u0131k\u00f6y)<\/p><\/blockquote>\n<p>[\/vc_column_text][\/vc_column_inner][\/vc_column][vc_column offset=&#8221;vc_col-md-4&#8243;][monolit_parallax_box box_pos=&#8221;center&#8221;]<img loading=\"lazy\" class=\"respimg alignnone wp-image-552 size-full\" src=\"https:\/\/miv-san.org\/wp-content\/uploads\/2021\/09\/miv-san-banner2.jpg\" alt=\"M\u0130V-SAN Banner\" width=\"600\" height=\"876\" srcset=\"https:\/\/miv-san.org\/wp-content\/uploads\/2021\/09\/miv-san-banner2.jpg 600w, https:\/\/miv-san.org\/wp-content\/uploads\/2021\/09\/miv-san-banner2-205x300.jpg 205w\" sizes=\"(max-width: 600px) 100vw, 600px\" \/>[\/monolit_parallax_box][\/vc_column][\/vc_row]<\/p>\n","protected":false},"excerpt":{"rendered":"<p>[vc_row cth_layout=&#8221;monolit_page_sec&#8221; el_id=&#8221;sec1&#8243;][vc_column offset=&#8221;vc_col-md-8&#8243;][vc_column_text] 6. D\u00f6nem (2022-2024) Y\u00f6netim Kurulu [\/vc_column_text][vc_empty_space][vc_row_inner][\/vc_row_inner][vc_column_inner width=&#8221;1\/2&#8243;][vc_column_text] As\u0131l Y\u00f6netim Kurulu \u00dcyeleri &nbsp; 1. Erol T\u00fcrkmen-Ba\u015fkan (\u0130stanbul) (14.11.2021 tarihine kadar) 2. Dil\u015fad Akta\u015f Canatay-Ba\u015fkan (\u0130stanbul) (14.11.2021 tarihinden itibaren) 3. Salt\u0131k Y\u00fcceer-2. Ba\u015fkan (\u0130stanbul-Kad\u0131k\u00f6y) 4. Ramadan Cesur-Sekreter \u00dcye (\u0130stanbul) 5 Leman Ardo\u011fan-Sayman \u00dcye (Ankara) 6. Haluk G\u00f6k\u00e7ay-\u00dcye (Mersin) 7. Leyla Celep G\u00fcrsoy-\u00dcye (\u0130stanbul-Bak\u0131rk\u00f6y) [&hellip;]<\/p>\n","protected":false},"author":1,"featured_media":0,"parent":0,"menu_order":0,"comment_status":"closed","ping_status":"closed","template":"page-fullwidth.php","meta":[],"_links":{"self":[{"href":"https:\/\/miv-san.org\/index.php?rest_route=\/wp\/v2\/pages\/1112"}],"collection":[{"href":"https:\/\/miv-san.org\/index.php?rest_route=\/wp\/v2\/pages"}],"about":[{"href":"https:\/\/miv-san.org\/index.php?rest_route=\/wp\/v2\/types\/page"}],"author":[{"embeddable":true,"href":"https:\/\/miv-san.org\/index.php?rest_route=\/wp\/v2\/users\/1"}],"replies":[{"embeddable":true,"href":"https:\/\/miv-san.org\/index.php?rest_route=%2Fwp%2Fv2%2Fcomments&post=1112"}],"version-history":[{"count":5,"href":"https:\/\/miv-san.org\/index.php?rest_route=\/wp\/v2\/pages\/1112\/revisions"}],"predecessor-version":[{"id":1118,"href":"https:\/\/miv-san.org\/index.php?rest_route=\/wp\/v2\/pages\/1112\/revisions\/1118"}],"wp:attachment":[{"href":"https:\/\/miv-san.org\/index.php?rest_route=%2Fwp%2Fv2%2Fmedia&parent=1112"}],"curies":[{"name":"wp","href":"https:\/\/api.w.org\/{rel}","templated":true}]}}