{"id":1140,"date":"2024-10-01T15:04:14","date_gmt":"2024-10-01T12:04:14","guid":{"rendered":"https:\/\/miv-san.org\/?page_id=1140"},"modified":"2025-01-31T08:59:47","modified_gmt":"2025-01-31T05:59:47","slug":"yonetim-kurulu-3-2","status":"publish","type":"page","link":"https:\/\/miv-san.org\/?page_id=1140","title":{"rendered":"7. D\u00f6nem Y\u00f6netim Kurulu"},"content":{"rendered":"<p>[vc_row cth_layout=&#8221;monolit_page_sec&#8221; el_id=&#8221;sec1&#8243;][vc_column offset=&#8221;vc_col-md-8&#8243;][vc_column_text]<\/p>\n<h2 class=\"section-title\">7. D\u00f6nem (2024-2026) Y\u00f6netim Kurulu<\/h2>\n<div class=\"process-box\"><\/div>\n<p>[\/vc_column_text][vc_empty_space][vc_row_inner][\/vc_row_inner][vc_column_inner width=&#8221;1\/2&#8243;][vc_column_text]<\/p>\n<h3 class=\"yon-kurulp\">As\u0131l Y\u00f6netim Kurulu \u00dcyeleri<\/h3>\n<p>&nbsp;<\/p>\n<blockquote>\n<ol>\n<li>D\u0130L\u015eAD AKTA\u015e CANATAY &#8211; Ba\u015fkan (4 Mart 2024 tarihine kadar)<\/li>\n<li>FARUK SOYDEM\u0130R &#8211; Ba\u015fkan (4 Mart 2024 tarihinden itibaren)<\/li>\n<li>F. ASLI \u00d6L\u00c7AL TEZEL &#8211; Ba\u015fkan Yard\u0131mc\u0131s\u0131<\/li>\n<li>AHMET ERKAN &#8211; Sekreter \u00dcye<\/li>\n<li>BELG\u0130N OFLAZO\u011eLU ORKUNO\u011eLU &#8211; Sayman \u00dcye<\/li>\n<li>HALUK G\u00d6K\u00c7AY &#8211; As\u0131l \u00dcye<\/li>\n<li>RAMADAN CESUR &#8211; As\u0131l \u00dcye<\/li>\n<li>BARI\u015e AYBERK\u0130N &#8211; As\u0131l \u00dcye<\/li>\n<\/ol>\n<\/blockquote>\n<p>[\/vc_column_text][\/vc_column_inner][vc_column_inner width=&#8221;1\/2&#8243;][vc_column_text]<\/p>\n<h3 class=\"yon-kurulp\">Yedek Y\u00f6netim Kurulu \u00dcyeleri<\/h3>\n<p>&nbsp;<\/p>\n<blockquote><p>&nbsp;<\/p>\n<ol>\n<li>SELCAN BE\u015e\u0130K F\u0130L\u0130Z &#8211; Yedek \u00dcye<\/li>\n<li>AY\u00c7A KUT &#8211; Yedek \u00dcye<\/li>\n<li>PETEK CEYHAN ERG\u00dcL &#8211; Yedek \u00dcye<\/li>\n<li>TORES D\u0130N\u00c7\u00d6Z &#8211; Yedek \u00dcye<\/li>\n<li>\u0130LMEN G\u00d6ZDE &#8211; Yedek \u00dcye<\/li>\n<li>EYLEM DEN\u0130Z YILDIRIM &#8211; Yedek \u00dcye<\/li>\n<\/ol>\n<\/blockquote>\n<p>[\/vc_column_text][\/vc_column_inner][\/vc_column][vc_column offset=&#8221;vc_col-md-4&#8243;][monolit_parallax_box box_pos=&#8221;center&#8221;]<img loading=\"lazy\" class=\"respimg alignnone wp-image-552 size-full\" src=\"https:\/\/miv-san.org\/wp-content\/uploads\/2021\/09\/miv-san-banner2.jpg\" alt=\"M\u0130V-SAN Banner\" width=\"600\" height=\"876\" srcset=\"https:\/\/miv-san.org\/wp-content\/uploads\/2021\/09\/miv-san-banner2.jpg 600w, https:\/\/miv-san.org\/wp-content\/uploads\/2021\/09\/miv-san-banner2-205x300.jpg 205w\" sizes=\"(max-width: 600px) 100vw, 600px\" \/>[\/monolit_parallax_box][\/vc_column][\/vc_row]<\/p>\n","protected":false},"excerpt":{"rendered":"<p>[vc_row cth_layout=&#8221;monolit_page_sec&#8221; el_id=&#8221;sec1&#8243;][vc_column offset=&#8221;vc_col-md-8&#8243;][vc_column_text] 7. D\u00f6nem (2024-2026) Y\u00f6netim Kurulu [\/vc_column_text][vc_empty_space][vc_row_inner][\/vc_row_inner][vc_column_inner width=&#8221;1\/2&#8243;][vc_column_text] As\u0131l Y\u00f6netim Kurulu \u00dcyeleri &nbsp; D\u0130L\u015eAD AKTA\u015e CANATAY &#8211; Ba\u015fkan (4 Mart 2024 tarihine kadar) FARUK SOYDEM\u0130R &#8211; Ba\u015fkan (4 Mart 2024 tarihinden itibaren) F. ASLI \u00d6L\u00c7AL TEZEL &#8211; Ba\u015fkan Yard\u0131mc\u0131s\u0131 AHMET ERKAN &#8211; Sekreter \u00dcye BELG\u0130N OFLAZO\u011eLU ORKUNO\u011eLU &#8211; Sayman \u00dcye HALUK G\u00d6K\u00c7AY [&hellip;]<\/p>\n","protected":false},"author":1,"featured_media":0,"parent":0,"menu_order":0,"comment_status":"closed","ping_status":"closed","template":"page-fullwidth.php","meta":[],"_links":{"self":[{"href":"https:\/\/miv-san.org\/index.php?rest_route=\/wp\/v2\/pages\/1140"}],"collection":[{"href":"https:\/\/miv-san.org\/index.php?rest_route=\/wp\/v2\/pages"}],"about":[{"href":"https:\/\/miv-san.org\/index.php?rest_route=\/wp\/v2\/types\/page"}],"author":[{"embeddable":true,"href":"https:\/\/miv-san.org\/index.php?rest_route=\/wp\/v2\/users\/1"}],"replies":[{"embeddable":true,"href":"https:\/\/miv-san.org\/index.php?rest_route=%2Fwp%2Fv2%2Fcomments&post=1140"}],"version-history":[{"count":3,"href":"https:\/\/miv-san.org\/index.php?rest_route=\/wp\/v2\/pages\/1140\/revisions"}],"predecessor-version":[{"id":1171,"href":"https:\/\/miv-san.org\/index.php?rest_route=\/wp\/v2\/pages\/1140\/revisions\/1171"}],"wp:attachment":[{"href":"https:\/\/miv-san.org\/index.php?rest_route=%2Fwp%2Fv2%2Fmedia&parent=1140"}],"curies":[{"name":"wp","href":"https:\/\/api.w.org\/{rel}","templated":true}]}}