{"id":1209,"date":"2024-09-01T20:23:47","date_gmt":"2024-09-01T17:23:47","guid":{"rendered":"https:\/\/miv-san.org\/?page_id=1209"},"modified":"2025-01-31T09:04:21","modified_gmt":"2025-01-31T06:04:21","slug":"7-donem-2024-2026-calisma-programi","status":"publish","type":"page","link":"https:\/\/miv-san.org\/?page_id=1209","title":{"rendered":"7. D\u00f6nem \u00c7al\u0131\u015fma Program\u0131 (2024 \u2013 2026 )"},"content":{"rendered":"<p>[vc_row cth_layout=&#8221;monolit_page_sec&#8221; el_id=&#8221;sec1&#8243;][vc_column offset=&#8221;vc_col-md-8&#8243;][vc_column_text]<b><span class=\"Apple-converted-space\">\u00a0<\/span>M\u0130V-SAN 7. D\u00d6NEM (2024-2026) \u00c7ALI\u015eMA PROGRAMI<span class=\"Apple-converted-space\">\u00a0<\/span><\/b><\/p>\n<p>Y\u00f6netmeli\u011finin 2. maddesinde kurulu\u015f amac\u0131 \u201c<b><i>ortaklar\u0131na veya lehtarlar\u0131na y\u00f6netmelikle belirlenen yard\u0131mlar\u0131 yapmak ve bu yard\u0131mlar\u0131n kapsam\u0131n\u0131 zamanla geni\u015fleterek etkin bir sosyal g\u00fcvenlik \u015femsiyesi olu\u015fturmak<\/i><\/b>\u201d olarak belirtilen <b>M\u0130V-SAN<\/b>\u2019\u0131n 2024-2026 y\u0131llar\u0131n\u0131 kapsayan 7. D\u00f6nemindeki \u00f6ncelikli hedef daha b\u00fcy\u00fck bir h\u0131zla \u00dcye kazanmak, daha fazla ihtiya\u00e7 sahibi meslekta\u015fa ula\u015fmak ve \u00dcye birikimlerini g\u00fcvenli y\u00f6ntemlerle art\u0131rmakt\u0131r.<\/p>\n<p>D\u00f6nem boyunca a\u015fa\u011f\u0131da ba\u015fl\u0131klar alt\u0131nda belirtilen etkinliklerin ger\u00e7ekle\u015ftirilmesi, sonras\u0131nda da s\u00fcrd\u00fcr\u00fclebilir k\u0131l\u0131nmas\u0131 i\u00e7in M\u0130V-SAN\u2019\u0131n finansal ve yap\u0131sal geli\u015fiminin sa\u011flanmas\u0131na \u00e7al\u0131\u015f\u0131lacakt\u0131r.<\/p>\n<ol>\n<li><b>M\u0130V-SAN KURUMSALLA\u015eMA<\/b><b> <\/b><b>\u00c7ALI\u015eMALARI<\/b>\n<ul>\n<li>M\u0130V-SAN Y\u00f6netmeli\u011fi\u2019nin bir y\u0131l i\u00e7inde g\u00fcncellenmesine y\u00f6nelik taslak \u00e7al\u0131\u015fmas\u0131 yap\u0131larak, Mali Genel Kurula sunulacak tasla\u011f\u0131n ilgili birimlerle tart\u0131\u015f\u0131larak olgunla\u015ft\u0131r\u0131lmas\u0131,<\/li>\n<li>Bu kapsamda \u00dcyeliklerin ko\u015fullar\u0131 ve haklar\u0131nda \u00e7e\u015fitlilik \u00f6nerilerinin tart\u0131\u015f\u0131lmas\u0131 (Onursal \u00dcyelik, Emekli \u00dcyelik, \u00d6\u011frenci \u00dcyelik vb.)<\/li>\n<li>M\u00dcAP (M\u0130V-SAN \u00dcye Program\u0131)\u2019\u0131n yaz\u0131l\u0131m\u0131n\u0131n t\u00fcm \u00dcye hareketleri, b\u00fct\u00e7e ve raporlamalar\u0131n takibini kolayla\u015ft\u0131r\u0131lacak \u015fekilde g\u00fcncellenmesine devam edilmesi<\/li>\n<li>Web sitesi, afi\u015f, bro\u015f\u00fcr, tan\u0131t\u0131m sunumu\/videosu vb. t\u00fcm tan\u0131t\u0131m\/ileti\u015fim ara\u00e7lar\u0131n\u0131n Sand\u0131k kurumsal kimli\u011fini yans\u0131tan bir dil birli\u011fi i\u00e7inde yeniden g\u00f6zden ge\u00e7irilip g\u00fcncellenmesi<\/li>\n<li>Bas\u0131l\u0131 veya dijital \u00dcyelik kart\u0131n\u0131n olu\u015fturulmas\u0131<span class=\"Apple-converted-space\">\u00a0<\/span><\/li>\n<\/ul>\n<\/li>\n<\/ol>\n<ol start=\"2\">\n<li><b>PAYDA\u015eLARLA<\/b><b> <\/b><b>\u0130L\u0130\u015eK\u0130LER VE TANITIM<\/b><b> <\/b><b>ETK\u0130NL\u0130KLER\u0130<\/b><\/li>\n<\/ol>\n<ol>\n<li style=\"list-style-type: none;\">\n<ul>\n<li>\u00c7at\u0131s\u0131 alt\u0131nda yer ald\u0131\u011f\u0131 M\u0130MARLIK VAKFI ve Vak\u0131f Bile\u015fenleri ile ileti\u015fim ve i\u015f birli\u011finin art\u0131r\u0131lmas\u0131<\/li>\n<li>M\u0130V \u015eube Temsilcileri ile ileti\u015fimin canl\u0131 tutulmas\u0131, ortak etkinlikler ve projeler geli\u015ftirilmesi<span class=\"Apple-converted-space\">\u00a0<\/span><\/li>\n<li>TMMOB Mimarlar Odas\u0131 (Genel Merkez\/\u015eube\/Temsilcilikler)\u2019n\u0131n t\u00fcm organlar\u0131na mensup \u00dcyeler ile ileti\u015fim f\u0131rsatlar\u0131n\u0131n yarat\u0131lmas\u0131\n<ul>\n<li>Y\u00f6netimler ve \u00dcyeleri ile tan\u0131t\u0131m toplant\u0131lar\u0131 ve sunumlar\u0131 yap\u0131lmas\u0131<\/li>\n<li>Genel Kurullar sonras\u0131 t\u00fcm Mimarlar Odas\u0131 Genel Merkez ve \u015eube Y\u00f6netim Kurullar\u0131 \u00dcyelerinin tebrik edilmesi ve M\u0130V-SAN \u00dcyeli\u011fine davet edilmesi<\/li>\n<li>Toplant\u0131 ve etkinliklerinin takip edilerek tan\u0131t\u0131m stand\u0131 a\u00e7\u0131lmas\u0131<\/li>\n<\/ul>\n<\/li>\n<li>Serbest Mimarlar Dernekleri, 1927 Mimarlar, \u00c7EK\u00dcL, M\u0130DEKON, MOBB\u0130G vb. Mimar Meslekta\u015flar\u0131n yo\u011fun oldu\u011fu sivil toplum \u00f6rg\u00fctleri ile tan\u0131\u015fma ve bulu\u015fma f\u0131rsatlar\u0131 yarat\u0131lmas\u0131<\/li>\n<li>Mimarl\u0131k ofislerini ziyaret ederek ofis sahiplerinin ve \u00fccretli \u00e7al\u0131\u015fan Mimarlara M\u0130V-SAN\u2019\u0131n tan\u0131t\u0131lmas\u0131<\/li>\n<li>\u00dcniversitelerde, mimarl\u0131k alan\u0131nda faaliyet g\u00f6steren sivil toplum \u00f6rg\u00fctlerinde, mimari b\u00fcrolarda, in\u015faat \u015firketlerinde, belediyelerde M\u0130V-SAN tan\u0131t\u0131m bro\u015f\u00fcrlerinin da\u011f\u0131t\u0131lmas\u0131 ve afi\u015flerinin as\u0131lmas\u0131n\u0131n sa\u011flanmas\u0131<\/li>\n<li>\u00c7al\u0131\u015fma alanlar\u0131n\u0131n geli\u015ftirilmesi i\u00e7in benzer yard\u0131m kurulu\u015flar\u0131 ile fikir al\u0131\u015fveri\u015finde bulunulmas\u0131<\/li>\n<li>Sosyal medya ortamlar\u0131m\u0131zda #M\u0130VSANLIYIZ etiketi ile s\u00fcrekli yay\u0131mlanmak \u00fczere t\u00fcm \u00dcyelerimizin k\u0131sa tan\u0131t\u0131m\/davet videolar\u0131yla tan\u0131t\u0131m kampanyam\u0131za davet edilmesi<\/li>\n<\/ul>\n<\/li>\n<\/ol>\n<ol start=\"3\">\n<li><b>GEL\u0130R<\/b><b> <\/b><b>ARTIRIMI<\/b><\/li>\n<\/ol>\n<ol>\n<li style=\"list-style-type: none;\">\n<ul>\n<li>\u00dcye aidatlar\u0131n\u0131n m\u00fcmk\u00fcn oldu\u011funca erken ve eksiksiz toplanarak, g\u00fcvenli yat\u0131r\u0131m ara\u00e7lar\u0131 ile de\u011ferinin korunmas\u0131 ve art\u0131r\u0131lmas\u0131.<\/li>\n<li>Yeni \u00dcyeler kazand\u0131r\u0131larak y\u0131ll\u0131k \u00f6denti gelirlerinin art\u0131r\u0131lmas\u0131 (Hedef: 7. D\u00f6nem i\u00e7inde 2000 \u00dcye say\u0131s\u0131n\u0131 a\u015fmak)<\/li>\n<li>Ba\u011f\u0131\u015flar\u0131n \u00f6zendirilmesi, kampanya y\u00f6ntem ve \u00e7e\u015fitliliklerini geli\u015ftirecek y\u00f6nergelerinin olu\u015fturulmas\u0131<\/li>\n<li>Sat\u0131\u015f ve a\u00e7\u0131k art\u0131rmaya olanak sa\u011flayacak \u00fcr\u00fcnlerin geli\u015ftirilmesi<\/li>\n<li>T\u00fcm etkinlikler i\u00e7in sponsor bulunarak M\u0130V-SAN giderlerinin ve etkinlik masraflar\u0131n\u0131n buradan kar\u015f\u0131lanmas\u0131<span class=\"Apple-converted-space\">\u00a0<\/span><\/li>\n<\/ul>\n<\/li>\n<\/ol>\n<ol start=\"4\">\n<li><b>MESLEKTA\u015eLARIMIZA YARDIM<\/b><b> <\/b><b>SA\u011eLAMAK<\/b><\/li>\n<\/ol>\n<ol>\n<li style=\"list-style-type: none;\">\n<ul>\n<li>Ana kurulu\u015f amac\u0131 \u201cyard\u0131m sa\u011flamak\u201d olan M\u0130V-SAN\u2019\u0131n \u00f6ncelikli gerek\u00e7eleri bulunan (do\u011fal afet, kaza, hastal\u0131k vb. ma\u011fduru) ihtiya\u00e7 sahibi \u00dcye ve mimarlardan haberdar olma ortam ve y\u00f6ntemlerinin geli\u015ftirilmesi ve onlara ula\u015fma kanallar\u0131n\u0131n art\u0131r\u0131lmas\u0131<\/li>\n<li>\u00d6ng\u00f6r\u00fclen b\u00fct\u00e7eye ek olarak belirli ki\u015filer veya amaca y\u00f6nelik ko\u015fullu yard\u0131m kampanyalar\u0131 d\u00fczenlenmesi<\/li>\n<li>Yeni mezun, i\u015fsiz, askerlik g\u00f6revini yapan, evlenen, \u00e7ocuk sahibi olan vb. durumdaki \u00dcyeler i\u00e7in aidat \u00f6demelerinde esneklik \u00f6nerileri geli\u015ftirilmesi<\/li>\n<\/ul>\n<\/li>\n<\/ol>\n<ol start=\"5\">\n<li><b>ETK\u0130NL\u0130KLER<\/b><\/li>\n<\/ol>\n<p><b>Sergi ve Sat\u0131\u015f Etkinlikleri<\/b><\/p>\n<ol>\n<li style=\"list-style-type: none;\">\n<ul>\n<li>T\u00fcm etkinliklerde ve tan\u0131t\u0131m ziyaretlerinde M\u0130V-SAN \u00fcr\u00fcnlerinin veya geliri ba\u011f\u0131\u015flanan kitap vb. \u00fcr\u00fcnlerin sat\u0131\u015f\u0131n\u0131n sa\u011flanmas\u0131<\/li>\n<li>Mimarlardan ayni ba\u011f\u0131\u015f yoluyla edinilen hat\u0131ra e\u015fyalar veya eserlerin sanal ortamda s\u00fcrekli sergilenerek ba\u011f\u0131\u015f kar\u015f\u0131l\u0131\u011f\u0131 sat\u0131\u015f\u0131 (s\u00fcrekli)<\/li>\n<li>Yarat\u0131c\u0131l\u0131\u011f\u0131n\u0131 mimarl\u0131k harici alanlarda da s\u00fcrd\u00fcren Mimarlar\u0131n \u00dcye olmaya davet edilerek \u00fcretimlerinin sat\u0131\u015flar\u0131 i\u00e7in kendileriyle i\u015f birli\u011fi yap\u0131lmas\u0131 (s\u00fcrekli)<\/li>\n<li>M\u0130V-SAN ve M\u0130MARLAR ORMANI ad\u0131na defter, kalem, \u00e7anta vb. \u00fcr\u00fcnler \u00fcretilmesi ve sat\u0131\u015fa sunulmas\u0131<\/li>\n<li>M\u0130V-SAN M\u0130MARLAR ORMANI\u2019n\u0131n t\u00fcm fidanlar\u0131n\u0131n sat\u0131\u015f\u0131n\u0131n tamamlanmas\u0131<\/li>\n<\/ul>\n<\/li>\n<\/ol>\n<p><b>G\u00f6steri ve Konserler<\/b><\/p>\n<ol>\n<li style=\"list-style-type: none;\">\n<ul>\n<li>Kitlesel g\u00f6r\u00fcn\u00fcrl\u00fc\u011f\u00fcm\u00fcz\u00fc art\u0131rmak amac\u0131yla tan\u0131nm\u0131\u015f, sevilen ve sayg\u0131n sanat\u00e7\u0131lar ile Belediye mekanlar\u0131nda kalabal\u0131k konserler ve sahne g\u00f6sterileri d\u00fczenlenmesi (her y\u0131l en az bir kere)<\/li>\n<li>\u015eube mek\u00e2nlar\u0131nda Mimar sanat\u00e7\u0131 ve korolar\u0131ndan T\u00fcrk Sanat ve Halk M\u00fczi\u011fi dinletileri d\u00fczenlenmesi (her y\u0131l en az bir kere)<\/li>\n<\/ul>\n<\/li>\n<\/ol>\n<p><b>Geziler<\/b><\/p>\n<ol>\n<li style=\"list-style-type: none;\">\n<ul>\n<li>Bo\u011faz\u2019da kahvalt\u0131l\u0131 tekne gezilerinin gelenekselle\u015ftirilmesi (her y\u0131l en az bir kere)<\/li>\n<li>Yerinde mimarl\u0131k ve k\u00fclt\u00fcr gezileri d\u00fczenlenmesi (her y\u0131l en az bir kere): Ankara ve \u0130l\u00e7eleri Geleneksel Evleri, \u0130stanbul Fener-Balat-Ayvansaray, Ordu Fatsa \u00c7ivisiz Evler, vb.<\/li>\n<li>Orman Haftas\u0131\u2019nda (21-26 Mart) orman alan\u0131n\u0131n ziyaret edilmesi &amp; kahvalt\u0131 etkinli\u011fi<\/li>\n<\/ul>\n<\/li>\n<\/ol>\n<p><b>S\u00f6yle\u015filer<\/b><\/p>\n<ol>\n<li style=\"list-style-type: none;\">\n<ul>\n<li>M\u0130V-SAN Orta\u011f\u0131 deneyimli mimarlar ile k\u0131sa sanal r\u00f6portajlar ve s\u00f6yle\u015filer (s\u00fcrekli)<\/li>\n<li>Yazar, \u015fair, foto\u011fraf\u00e7\u0131 vb. Mimarlar ile y\u00fcz y\u00fcze s\u00f6yle\u015filer, kitap imza g\u00fcnleri (her y\u0131l en az bir kere)<\/li>\n<\/ul>\n<\/li>\n<\/ol>\n<p><b>\u00dcye Bulu\u015fmalar\u0131<\/b><\/p>\n<ul>\n<li>M\u0130V-SAN\u2019da 20 y\u0131l\u0131 doldurmu\u015f \u00dcyelerle y\u00fcz y\u00fcze\/sanal bulu\u015fmalar<\/li>\n<li>M\u0130V-SAN\u2019a yeni kat\u0131lan 30 ya\u015f alt\u0131 Gen\u00e7 \u00dcyelerle y\u00fcz y\u00fcze\/sanal bulu\u015fmalar<\/li>\n<li>Genel Kurullara kat\u0131l\u0131m\u0131n \u00f6zendirilmesi i\u00e7in sonras\u0131nda yemekli bulu\u015fma, kokteyl d\u00fczenlenmesi<\/li>\n<li>\u015eubelerdeki Genel Kurul, konferans, Mimarl\u0131k Haftas\u0131 vb. etkinliklere M\u0130V-SAN Y\u00f6netimi ve Sekreterli\u011fince kat\u0131l\u0131m sa\u011flayarak yurdun farkl\u0131 illerdeki \u00dcyeleriyle y\u00fcz y\u00fcze gelme f\u0131rsat\u0131 yarat\u0131lmas\u0131, \u015eube Y\u00f6netimlerine ve \u00dcyelerine M\u0130V-SAN tan\u0131t\u0131m toplant\u0131lar\u0131 yap\u0131lmas\u0131<\/li>\n<li>M\u0130V-SAN \u00dcyesi duayen Mimarlar\u0131m\u0131z\u0131 ve s\u00fcrekli ba\u011f\u0131\u015f katk\u0131lar\u0131yla M\u0130V-SAN\u2019a destek veren \u00dcyelerimizi evlerinde\/ofislerinde ziyaret edilmesi<\/li>\n<\/ul>\n<p><b>Kampanyalar<\/b><\/p>\n<ul>\n<li>Sanatsal ve sosyal mekanlar, ticari markalar ve sigorta kurulu\u015flar\u0131 ile anla\u015fmalar yap\u0131larak M\u0130V-SAN \u00dcyelerine avantaj ve \u00f6ncelikler sa\u011flanmas\u0131<\/li>\n<li>Do\u011faya sayg\u0131 kampanyalar\u0131n\u0131n devam ettirilmesi (at\u0131k pil, plastik ve cam \u015fi\u015felerin do\u011fadan \u00e7ekilmesi)<\/li>\n<\/ul>\n<p>[\/vc_column_text][\/vc_column][vc_column offset=&#8221;vc_col-md-4&#8243; css=&#8221;.vc_custom_1634567675642{border-left-width: 2px !important;padding-left: 30px !important;border-left-color: #26c7ef !important;border-left-style: solid !important;}&#8221;][vc_column_text]<\/p>\n<h4>7. D\u00d6NEM Y\u00d6NET\u0130M KURULU<\/h4>\n<p>[\/vc_column_text][vc_separator color=&#8221;turquoise&#8221; align=&#8221;align_left&#8221; border_width=&#8221;2&#8243; el_width=&#8221;70&#8243; css_animation=&#8221;slideInRight&#8221;][vc_column_text css=&#8221;.vc_custom_1738303357690{margin-top: 50px !important;}&#8221;]<strong>ASIL<\/strong><\/p>\n<ol>\n<li>D\u0130L\u015eAD AKTA\u015e CANATAY &#8211; Ba\u015fkan (4 Mart 2024 tarihine kadar)<\/li>\n<li>FARUK SOYDEM\u0130R &#8211; Ba\u015fkan (4 Mart 2024 tarihinden itibaren)<\/li>\n<li>F. ASLI \u00d6L\u00c7AL TEZEL &#8211; Ba\u015fkan Yard\u0131mc\u0131s\u0131<\/li>\n<li>AHMET ERKAN &#8211; Sekreter \u00dcye<\/li>\n<li>BELG\u0130N OFLAZO\u011eLU ORKUNO\u011eLU &#8211; Sayman \u00dcye<\/li>\n<li>HALUK G\u00d6K\u00c7AY &#8211; As\u0131l \u00dcye<\/li>\n<li>RAMADAN CESUR &#8211; As\u0131l \u00dcye<\/li>\n<li>BARI\u015e AYBERK\u0130N &#8211; As\u0131l \u00dcye<\/li>\n<\/ol>\n<p>[\/vc_column_text][vc_separator color=&#8221;turquoise&#8221; align=&#8221;align_left&#8221; border_width=&#8221;2&#8243; el_width=&#8221;70&#8243; css_animation=&#8221;slideInRight&#8221;][vc_column_text css=&#8221;.vc_custom_1738303395795{margin-top: 50px !important;}&#8221;]<strong>YEDEK<\/strong><\/p>\n<ol>\n<li>SELCAN BE\u015e\u0130K F\u0130L\u0130Z &#8211; Yedek \u00dcye<\/li>\n<li>AY\u00c7A KUT &#8211; Yedek \u00dcye<\/li>\n<li>PETEK CEYHAN ERG\u00dcL &#8211; Yedek \u00dcye<\/li>\n<li>TORES D\u0130N\u00c7\u00d6Z &#8211; Yedek \u00dcye<\/li>\n<li>\u0130LMEN G\u00d6ZDE &#8211; Yedek \u00dcye<\/li>\n<li>EYLEM DEN\u0130Z YILDIRIM &#8211; Yedek \u00dcye<\/li>\n<\/ol>\n<p>[\/vc_column_text][vc_separator color=&#8221;turquoise&#8221; align=&#8221;align_left&#8221; border_width=&#8221;2&#8243; el_width=&#8221;70&#8243; css_animation=&#8221;slideInUp&#8221; css=&#8221;.vc_custom_1634567850166{padding-bottom: 50px !important;}&#8221;][\/vc_column][\/vc_row]<\/p>\n","protected":false},"excerpt":{"rendered":"<p>[vc_row cth_layout=&#8221;monolit_page_sec&#8221; el_id=&#8221;sec1&#8243;][vc_column offset=&#8221;vc_col-md-8&#8243;][vc_column_text]\u00a0M\u0130V-SAN 7. D\u00d6NEM (2024-2026) \u00c7ALI\u015eMA PROGRAMI\u00a0 Y\u00f6netmeli\u011finin 2. maddesinde kurulu\u015f amac\u0131 \u201cortaklar\u0131na veya lehtarlar\u0131na y\u00f6netmelikle belirlenen yard\u0131mlar\u0131 yapmak ve bu yard\u0131mlar\u0131n kapsam\u0131n\u0131 zamanla geni\u015fleterek etkin bir sosyal g\u00fcvenlik \u015femsiyesi olu\u015fturmak\u201d olarak belirtilen M\u0130V-SAN\u2019\u0131n 2024-2026 y\u0131llar\u0131n\u0131 kapsayan 7. D\u00f6nemindeki \u00f6ncelikli hedef daha b\u00fcy\u00fck bir h\u0131zla \u00dcye kazanmak, daha fazla ihtiya\u00e7 sahibi meslekta\u015fa ula\u015fmak [&hellip;]<\/p>\n","protected":false},"author":1,"featured_media":0,"parent":0,"menu_order":0,"comment_status":"closed","ping_status":"closed","template":"page-fullwidth.php","meta":[],"_links":{"self":[{"href":"https:\/\/miv-san.org\/index.php?rest_route=\/wp\/v2\/pages\/1209"}],"collection":[{"href":"https:\/\/miv-san.org\/index.php?rest_route=\/wp\/v2\/pages"}],"about":[{"href":"https:\/\/miv-san.org\/index.php?rest_route=\/wp\/v2\/types\/page"}],"author":[{"embeddable":true,"href":"https:\/\/miv-san.org\/index.php?rest_route=\/wp\/v2\/users\/1"}],"replies":[{"embeddable":true,"href":"https:\/\/miv-san.org\/index.php?rest_route=%2Fwp%2Fv2%2Fcomments&post=1209"}],"version-history":[{"count":4,"href":"https:\/\/miv-san.org\/index.php?rest_route=\/wp\/v2\/pages\/1209\/revisions"}],"predecessor-version":[{"id":1214,"href":"https:\/\/miv-san.org\/index.php?rest_route=\/wp\/v2\/pages\/1209\/revisions\/1214"}],"wp:attachment":[{"href":"https:\/\/miv-san.org\/index.php?rest_route=%2Fwp%2Fv2%2Fmedia&parent=1209"}],"curies":[{"name":"wp","href":"https:\/\/api.w.org\/{rel}","templated":true}]}}