{"id":1294,"date":"2025-08-27T13:25:36","date_gmt":"2025-08-27T10:25:36","guid":{"rendered":"https:\/\/miv-san.org\/?page_id=1294"},"modified":"2025-08-28T12:24:30","modified_gmt":"2025-08-28T09:24:30","slug":"e-bulten-5-sayi","status":"publish","type":"page","link":"https:\/\/miv-san.org\/?page_id=1294","title":{"rendered":"E-B\u00fclten 5. Say\u0131"},"content":{"rendered":"<p>[vc_row cth_layout=&#8221;monolit_page_sec&#8221; el_id=&#8221;sec1&#8243;][vc_column offset=&#8221;vc_col-md-8&#8243;][vc_column_text]<\/p>\n<h4 style=\"margin-bottom: 2em;\">M\u0130V-SAN E-b\u00fclten&#8217;in 5. say\u0131s\u0131n\u0131 a\u015fa\u011f\u0131da g\u00f6r\u00fcnt\u00fcleyebilir veya <a href=\"https:\/\/miv-san.org\/wp-content\/uploads\/2025\/08\/E-Bulten-MIV-SAN-5-1.pdf\" target=\"_blank\" rel=\"noopener\" download=\"\">buraya t\u0131klayarak<\/a> indirebilirsiniz.<\/h4>\n<p><iframe style=\"aspect-ratio: 1\/1; width: 100%; height: 100%;\" src=\"https:\/\/miv-san.org\/wp-content\/uploads\/2025\/08\/E-Bulten-MIV-SAN-5-1.pdf\"><span data-mce-type=\"bookmark\" style=\"display: inline-block; width: 0px; overflow: hidden; line-height: 0;\" class=\"mce_SELRES_start\">\ufeff<\/span><br \/>\n<\/iframe>[\/vc_column_text][\/vc_column][vc_column offset=&#8221;vc_col-md-4&#8243; css=&#8221;.vc_custom_1633953954429{margin-top: 0px !important;margin-bottom: 0px !important;}&#8221;][monolit_parallax_box box_pos=&#8221;center&#8221;]<img loading=\"lazy\" class=\"alignnone size-large wp-image-1270\" src=\"https:\/\/miv-san.org\/wp-content\/uploads\/2025\/08\/E-Bulten-MIV-SAN-5_Cover-scaled.jpeg\" alt=\"\" width=\"724\" height=\"1024\" \/>[\/monolit_parallax_box][\/vc_column][\/vc_row]<\/p>\n","protected":false},"excerpt":{"rendered":"<p>[vc_row cth_layout=&#8221;monolit_page_sec&#8221; el_id=&#8221;sec1&#8243;][vc_column offset=&#8221;vc_col-md-8&#8243;][vc_column_text] M\u0130V-SAN E-b\u00fclten&#8217;in 5. say\u0131s\u0131n\u0131 a\u015fa\u011f\u0131da g\u00f6r\u00fcnt\u00fcleyebilir veya buraya t\u0131klayarak indirebilirsiniz. \ufeff [\/vc_column_text][\/vc_column][vc_column offset=&#8221;vc_col-md-4&#8243; css=&#8221;.vc_custom_1633953954429{margin-top: 0px !important;margin-bottom: 0px !important;}&#8221;][monolit_parallax_box box_pos=&#8221;center&#8221;][\/monolit_parallax_box][\/vc_column][\/vc_row]<\/p>\n","protected":false},"author":2,"featured_media":0,"parent":0,"menu_order":0,"comment_status":"closed","ping_status":"closed","template":"page-fullwidth.php","meta":[],"_links":{"self":[{"href":"https:\/\/miv-san.org\/index.php?rest_route=\/wp\/v2\/pages\/1294"}],"collection":[{"href":"https:\/\/miv-san.org\/index.php?rest_route=\/wp\/v2\/pages"}],"about":[{"href":"https:\/\/miv-san.org\/index.php?rest_route=\/wp\/v2\/types\/page"}],"author":[{"embeddable":true,"href":"https:\/\/miv-san.org\/index.php?rest_route=\/wp\/v2\/users\/2"}],"replies":[{"embeddable":true,"href":"https:\/\/miv-san.org\/index.php?rest_route=%2Fwp%2Fv2%2Fcomments&post=1294"}],"version-history":[{"count":4,"href":"https:\/\/miv-san.org\/index.php?rest_route=\/wp\/v2\/pages\/1294\/revisions"}],"predecessor-version":[{"id":1303,"href":"https:\/\/miv-san.org\/index.php?rest_route=\/wp\/v2\/pages\/1294\/revisions\/1303"}],"wp:attachment":[{"href":"https:\/\/miv-san.org\/index.php?rest_route=%2Fwp%2Fv2%2Fmedia&parent=1294"}],"curies":[{"name":"wp","href":"https:\/\/api.w.org\/{rel}","templated":true}]}}