{"id":518,"date":"2016-02-17T17:23:19","date_gmt":"2016-02-17T17:23:19","guid":{"rendered":"http:\/\/demowp.cththemes.net\/monolit\/?page_id=7"},"modified":"2025-01-31T09:41:11","modified_gmt":"2025-01-31T06:41:11","slug":"miv-san-mimarlik-vakfi-sosyal-guvenlik-ve-yardimlasma-sandigi","status":"publish","type":"page","link":"https:\/\/miv-san.org\/","title":{"rendered":"M\u0130V-SAN"},"content":{"rendered":"<p>[vc_row full_width=&#8221;stretch_row&#8221; cth_layout=&#8221;monolit_page_sec&#8221; css=&#8221;.vc_custom_1635344387826{margin-top: 0px !important;margin-bottom: 0px !important;padding-top: 33px !important;padding-bottom: 33px !important;}&#8221; parallax_inner=&#8221;998&#8243;][vc_column css=&#8221;.vc_custom_1455730804223{padding-right: 0px !important;padding-left: 0px !important;}&#8221;][vc_column_text][\/vc_column_text][\/vc_column][\/vc_row][vc_row gap=&#8221;30&#8243; css=&#8221;.vc_custom_1635346138253{background-color: #ffffff !important;background-position: center !important;background-repeat: no-repeat !important;background-size: cover !important;}&#8221;][vc_column width=&#8221;1\/12&#8243;][\/vc_column][vc_column width=&#8221;8\/12&#8243;][vc_text_separator title=&#8221;M\u0130VSAN&#8217;DAN MERHABA&#8221; color=&#8221;black&#8221; css_animation=&#8221;bounceInUp&#8221;][\/vc_column][vc_column width=&#8221;1\/12&#8243;][\/vc_column][\/vc_row][vc_row gap=&#8221;30&#8243; css=&#8221;.vc_custom_1635415589455{padding-top: 0px !important;background-color: #ffffff !important;background-position: center !important;background-repeat: no-repeat !important;background-size: cover !important;}&#8221;][vc_column width=&#8221;1\/12&#8243;][\/vc_column][vc_column width=&#8221;4\/12&#8243; css=&#8221;.vc_custom_1635415647603{padding-top: 0px !important;}&#8221;][vc_column_text]\u00dclkemizde giderek b\u00fcy\u00fcyen ve boyutlar\u0131 belirsiz salg\u0131n ve ekonomik ve sosyal kriz ko\u015fullar\u0131, toplumsal dayan\u0131\u015fman\u0131n \u00f6nemini ve gereklili\u011fini g\u00fcnden g\u00fcne daha fazla kan\u0131tl\u0131yor. Mimarl\u0131k ortam\u0131n\u0131 da etkisi alt\u0131na alan zorluklarla m\u00fccadelelerde mimar meslekta\u015flar\u0131m\u0131zla bir arada omuz omuza olabildi\u011fimiz s\u00fcrekli ve kurumsal bir dayan\u0131\u015fma a\u011f\u0131 olan M\u0130V-SAN\u2019a ho\u015f geldiniz!<\/p>\n<p>Ortaklar\u0131m\u0131z\u0131n, payda\u015f kurumlar\u0131m\u0131z\u0131n ve M\u0130V-SAN organlar\u0131nda g\u00f6rev \u00fcstlenen t\u00fcm g\u00f6n\u00fcll\u00fclerimizin kar\u015f\u0131l\u0131ks\u0131z ve de\u011ferli katk\u0131lar\u0131yla b\u00fcy\u00fcyoruz.[\/vc_column_text][\/vc_column][vc_column width=&#8221;4\/12&#8243; css=&#8221;.vc_custom_1635415630834{padding-top: 0px !important;}&#8221;][vc_column_text]Mesle\u011fe y\u0131llar\u0131n\u0131 adam\u0131\u015f deneyimli meslekta\u015flar\u0131m\u0131z\u0131n kurumsalla\u015ft\u0131rd\u0131\u011f\u0131 bu \u00e7a\u011fda\u015f dayan\u0131\u015fma k\u00fclt\u00fcr\u00fcn\u00fc gen\u00e7 meslekta\u015flar\u0131m\u0131z\u0131n da ilgiyle sahiplenece\u011finden ve heyecanlar\u0131yla daha ileri d\u00fczeye ta\u015f\u0131yaca\u011f\u0131ndan eminiz.<\/p>\n<p>Hedefimiz \u00e7al\u0131\u015fmalar\u0131m\u0131z, etkinliklerimiz ve yard\u0131mlar\u0131m\u0131z arac\u0131l\u0131\u011f\u0131yla kendimizi daha iyi tan\u0131t\u0131p daha \u00e7ok \u00dcyeye ula\u015farak maddi ve manevi anlamda beraberli\u011fimizi g\u00fc\u00e7lendirmek ve meslekta\u015flar\u0131m\u0131z\u0131n birbiriyle \u00e7a\u011fda\u015f bir \u015fekilde kurumsal bir \u00e7at\u0131 alt\u0131nda g\u00f6n\u00fcll\u00fcl\u00fck esas\u0131yla g\u00fcven i\u00e7inde yard\u0131mla\u015ft\u0131\u011f\u0131 ve dayan\u0131\u015ft\u0131\u011f\u0131 ilk akla gelen kurum olabilmek&#8230;[\/vc_column_text][\/vc_column][vc_column width=&#8221;1\/12&#8243;][\/vc_column][\/vc_row][vc_row gap=&#8221;30&#8243; css=&#8221;.vc_custom_1635346138253{background-color: #ffffff !important;background-position: center !important;background-repeat: no-repeat !important;background-size: cover !important;}&#8221;][vc_column width=&#8221;1\/12&#8243;][\/vc_column][vc_column width=&#8221;8\/12&#8243;][vc_column_text]<\/p>\n<h5 style=\"text-align: center;\">T\u00fcm meslekta\u015flar\u0131m\u0131zla M\u0130V-SAN\u2019da bulu\u015fmay\u0131 diliyoruz\u2026<\/h5>\n<p>[\/vc_column_text][\/vc_column][vc_column width=&#8221;1\/12&#8243;][\/vc_column][\/vc_row][vc_row][vc_column][vc_raw_js]JTNDc2NyaXB0JTIwc3JjJTNEJTIyaHR0cHMlM0ElMkYlMkZjZG4uanNkZWxpdnIubmV0JTJGbnBtJTJGJTQwc2ltb25kbWMlMkZwb3B1cC1qcyU0MDEuNC4yJTJGcG9wdXAubWluLmpzJTIyJTNFJTNDJTJGc2NyaXB0JTNFJTBBJTBBJTNDc2NyaXB0JTNFJTBBZG9jdW1lbnQuYWRkRXZlbnRMaXN0ZW5lciUyOCUyMkRPTUNvbnRlbnRMb2FkZWQlMjIlMkMlMjBmdW5jdGlvbiUyMCUyOCUyOSUyMCU3QiUwQSUyMCUyMGNvbnN0JTIwdGFza0tleSUyMCUzRCUyMCUyMmRhaWx5VGFza0RhdGUlMjIlM0IlMEElMjAlMjBjb25zdCUyMHRvZGF5JTIwJTNEJTIwbmV3JTIwRGF0ZSUyOCUyOS50b0lTT1N0cmluZyUyOCUyOS5zcGxpdCUyOCUyMlQlMjIlMjklNUIwJTVEJTNCJTIwJTJGJTJGJTIwWVlZWS1NTS1ERCUyMGZvcm1hdCUwQSUwQSUyMCUyMGlmJTIwJTI4ZG9jdW1lbnQuY29va2llLmluY2x1ZGVzJTI4JTYwJTI0JTdCdGFza0tleSU3RCUzRCUyNCU3QnRvZGF5JTdEJTYwJTI5JTI5JTIwJTdCJTBBJTIwJTIwJTIwJTIwY29uc29sZS5sb2clMjglMjJCdWclQzMlQkNuJTIwZyVDMyVCNnJldiUyMHphdGVuJTIwJUMzJUE3YWwlQzQlQjElQzUlOUZ0JUM0JUIxciVDNCVCMWxkJUM0JUIxLiUyMiUyOSUzQiUwQSUyMCUyMCU3RCUyMGVsc2UlMjAlN0IlMEFjb25zdCUyMG15UG9wdXAlMjAlM0QlMjBuZXclMjBQb3B1cCUyOCU3QiUwQSUyMCUyMCUyMCUyMGlkJTNBJTIwJTIycmVnaXN0cmF0aW9uJTIyJTJDJTBBJTA5c2hvd0ltbWVkaWF0ZWx5JTNBJTIwdHJ1ZSUyQyUwQSUyMCUyMCUyMCUyMHRpdGxlJTNBJTIwJTIySGV5JTIxJTIyJTJDJTBBJTA5c2hvd09uY2UlM0ElMjBmYWxzZSUyQyUwQSUwOWhpZGVUaXRsZSUzQSUyMHRydWUlMkMlMEElMjAlMjAlMjAlMjBjb250ZW50JTNBJTIwJTYwJTBBTSVDNCVCMFYtU0FOJTIwJUMzJUJDeWVzaSUyMG9sbWFrJTIwaXN0ZXIlMjBtaXNpbml6JTNGJTIwJTBBJTdCYS1odHRwcyUzQSUyRiUyRmtheWl0Lm1pdi1zYW4ub3JnJTJGJTdEJTVCQnVyYXlhJTIwdCVDNCVCMWtsYXlhcmFrJTVEJTIwaGVtZW4lMjAlQzMlQkN5ZWxpayUyMGJhJUM1JTlGdnVydW5kYSUyMGJ1bHVuYWJpbGlyc2luaXouJTBBJUMzJTlDeWVsaWslMjBiYSVDNSU5RnZ1cnVzdSUyMHlhcG1hZGFuJTIwJUMzJUI2bmNlJTIwJTdCYS1odHRwcyUzQSUyRiUyRm1pdi1zYW4ub3JnJTJGJTNGcGFnZV9pZCUzRDEwNDUlN0QlNUJTJUM0JUIxayVDMyVBN2ElMjBTb3J1bGFuJTIwU29ydWxhciU1RCVDNCVCMSUyMG9rdXlhcmFrJTIwJUMzJUJDeWVsaWslMjBoYWtrJUM0JUIxbmRhJTIwYmlsZ2klMjBlZGluZWJpbGlyc2luaXouJTBBJTYwJTJDJTBBJTdEJTI5JTNCJTBBJTIwJTIwJTIwJTIwY29uc29sZS5sb2clMjglMjJHJUMzJUJDbiVDMyVCQ24lMjBnJUMzJUI2cmV2aSUyMCVDMyVBN2FsJUM0JUIxJUM1JTlGdCVDNCVCMS4lMjIlMjklM0IlMEElMjAlMjAlMjAlMjBkb2N1bWVudC5jb29raWUlMjAlM0QlMjAlNjAlMjQlN0J0YXNrS2V5JTdEJTNEJTI0JTdCdG9kYXklN0QlM0IlMjBleHBpcmVzJTNEJTI0JTdCbmV3JTIwRGF0ZSUyOCUwQSUyMCUyMCUyMCUyMCUyMCUyMG5ldyUyMERhdGUlMjglMjkuZ2V0VGltZSUyOCUyOSUyMCUyQiUyMDI0JTIwJTJBJTIwNjAlMjAlMkElMjA2MCUyMCUyQSUyMDEwMDAlMEElMjAlMjAlMjAlMjAlMjkudG9VVENTdHJpbmclMjglMjklN0QlM0IlMjBwYXRoJTNEJTJGJTYwJTNCJTBBJTIwJTIwJTdEJTBBJTdEJTI5JTNCJTBBJTNDJTJGc2NyaXB0[\/vc_raw_js][\/vc_column][\/vc_row]<\/p>\n","protected":false},"excerpt":{"rendered":"<p>[vc_row full_width=&#8221;stretch_row&#8221; cth_layout=&#8221;monolit_page_sec&#8221; css=&#8221;.vc_custom_1635344387826{margin-top: 0px !important;margin-bottom: 0px !important;padding-top: 33px !important;padding-bottom: 33px !important;}&#8221; parallax_inner=&#8221;998&#8243;][vc_column css=&#8221;.vc_custom_1455730804223{padding-right: 0px !important;padding-left: 0px !important;}&#8221;][vc_column_text][\/vc_column_text][\/vc_column][\/vc_row][vc_row gap=&#8221;30&#8243; css=&#8221;.vc_custom_1635346138253{background-color: #ffffff !important;background-position: center !important;background-repeat: no-repeat !important;background-size: cover !important;}&#8221;][vc_column width=&#8221;1\/12&#8243;][\/vc_column][vc_column width=&#8221;8\/12&#8243;][vc_text_separator title=&#8221;M\u0130VSAN&#8217;DAN MERHABA&#8221; color=&#8221;black&#8221; css_animation=&#8221;bounceInUp&#8221;][\/vc_column][vc_column width=&#8221;1\/12&#8243;][\/vc_column][\/vc_row][vc_row gap=&#8221;30&#8243; css=&#8221;.vc_custom_1635415589455{padding-top: 0px !important;background-color: #ffffff !important;background-position: center !important;background-repeat: no-repeat !important;background-size: cover !important;}&#8221;][vc_column width=&#8221;1\/12&#8243;][\/vc_column][vc_column width=&#8221;4\/12&#8243; css=&#8221;.vc_custom_1635415647603{padding-top: 0px !important;}&#8221;][vc_column_text]\u00dclkemizde giderek b\u00fcy\u00fcyen ve [&hellip;]<\/p>\n","protected":false},"author":1,"featured_media":0,"parent":0,"menu_order":0,"comment_status":"closed","ping_status":"closed","template":"page-fullwidth.php","meta":[],"_links":{"self":[{"href":"https:\/\/miv-san.org\/index.php?rest_route=\/wp\/v2\/pages\/518"}],"collection":[{"href":"https:\/\/miv-san.org\/index.php?rest_route=\/wp\/v2\/pages"}],"about":[{"href":"https:\/\/miv-san.org\/index.php?rest_route=\/wp\/v2\/types\/page"}],"author":[{"embeddable":true,"href":"https:\/\/miv-san.org\/index.php?rest_route=\/wp\/v2\/users\/1"}],"replies":[{"embeddable":true,"href":"https:\/\/miv-san.org\/index.php?rest_route=%2Fwp%2Fv2%2Fcomments&post=518"}],"version-history":[{"count":39,"href":"https:\/\/miv-san.org\/index.php?rest_route=\/wp\/v2\/pages\/518\/revisions"}],"predecessor-version":[{"id":1217,"href":"https:\/\/miv-san.org\/index.php?rest_route=\/wp\/v2\/pages\/518\/revisions\/1217"}],"wp:attachment":[{"href":"https:\/\/miv-san.org\/index.php?rest_route=%2Fwp%2Fv2%2Fmedia&parent=518"}],"curies":[{"name":"wp","href":"https:\/\/api.w.org\/{rel}","templated":true}]}}