{"id":570,"date":"2021-10-01T14:43:34","date_gmt":"2021-10-01T14:43:34","guid":{"rendered":"https:\/\/miv-san.org\/?page_id=570"},"modified":"2021-10-27T15:30:21","modified_gmt":"2021-10-27T15:30:21","slug":"amac-ve-hedefler","status":"publish","type":"page","link":"https:\/\/miv-san.org\/?page_id=570","title":{"rendered":"Ama\u00e7 ve Hedefler"},"content":{"rendered":"<p>[vc_row cth_layout=&#8221;monolit_page_sec&#8221; el_id=&#8221;sec1&#8243;][vc_column offset=&#8221;vc_col-md-8&#8243;][vc_column_text]<\/p>\n<h2 class=\"section-title\">M\u0130V-SAN&#8217;IN AMA\u00c7 VE HEDEFLER\u0130<\/h2>\n<p>M\u0130V-SAN, Ortaklar\u0131 ve meslekta\u015flar\u0131 aras\u0131nda kurumsal bir dayan\u0131\u015fma ve yard\u0131mla\u015fma a\u011f\u0131d\u0131r. Ortaklar\u0131na M\u0130V-SAN Y\u00f6netmeli\u011fi \u00e7er\u00e7evesinde ko\u015fullar\u0131 belirlenen birikim ile yard\u0131mlar\u0131 ger\u00e7ekle\u015ftirmeyi ve bu yard\u0131mlar\u0131n kapsam\u0131n\u0131 zamanla geni\u015fleterek t\u00fcm meslekta\u015flar\u0131na hizmet eden etkin bir sosyal g\u00fcvenlik \u015femsiyesi olu\u015fturmay\u0131 ama\u00e7lar.<\/p>\n<p>Ortaklar\u0131n aktard\u0131\u011f\u0131 y\u0131ll\u0131k aidatlar hem kendi birikimi olarak korunmak \u00fczere M\u0130V-SAN havuzuna kat\u0131l\u0131r, hem de bu birikim ve ba\u015fka ek gelirlerle ekonomik durumu ve sa\u011fl\u0131\u011f\u0131 k\u00f6t\u00fc durumda olan meslekta\u015flar\u0131na sosyal yard\u0131mlar yap\u0131l\u0131r ve kredi deste\u011fi sa\u011flan\u0131r.<\/p>\n<p>\u00d6zetle; M\u0130V-SAN Ortaklar\u0131n\u0131n k\u00fc\u00e7\u00fck \u00e7apl\u0131 birikimler olu\u015fturmas\u0131n\u0131 ve zor durumdaki meslekta\u015flar\u0131yla dayan\u0131\u015fmas\u0131n\u0131 sa\u011flar.[\/vc_column_text][\/vc_column][vc_column offset=&#8221;vc_col-md-4&#8243; css=&#8221;.vc_custom_1633953954429{margin-top: 0px !important;margin-bottom: 0px !important;}&#8221;][monolit_parallax_box box_pos=&#8221;center&#8221;]<img loading=\"lazy\" class=\"respimg alignnone wp-image-552 size-full\" src=\"https:\/\/miv-san.org\/wp-content\/uploads\/2021\/09\/miv-san-banner2.jpg\" alt=\"M\u0130V-SAN Banner\" width=\"600\" height=\"876\" srcset=\"https:\/\/miv-san.org\/wp-content\/uploads\/2021\/09\/miv-san-banner2.jpg 600w, https:\/\/miv-san.org\/wp-content\/uploads\/2021\/09\/miv-san-banner2-205x300.jpg 205w\" sizes=\"(max-width: 600px) 100vw, 600px\" \/>[\/monolit_parallax_box][\/vc_column][\/vc_row]<\/p>\n","protected":false},"excerpt":{"rendered":"<p>[vc_row cth_layout=&#8221;monolit_page_sec&#8221; el_id=&#8221;sec1&#8243;][vc_column offset=&#8221;vc_col-md-8&#8243;][vc_column_text] M\u0130V-SAN&#8217;IN AMA\u00c7 VE HEDEFLER\u0130 M\u0130V-SAN, Ortaklar\u0131 ve meslekta\u015flar\u0131 aras\u0131nda kurumsal bir dayan\u0131\u015fma ve yard\u0131mla\u015fma a\u011f\u0131d\u0131r. Ortaklar\u0131na M\u0130V-SAN Y\u00f6netmeli\u011fi \u00e7er\u00e7evesinde ko\u015fullar\u0131 belirlenen birikim ile yard\u0131mlar\u0131 ger\u00e7ekle\u015ftirmeyi ve bu yard\u0131mlar\u0131n kapsam\u0131n\u0131 zamanla geni\u015fleterek t\u00fcm meslekta\u015flar\u0131na hizmet eden etkin bir sosyal g\u00fcvenlik \u015femsiyesi olu\u015fturmay\u0131 ama\u00e7lar. Ortaklar\u0131n aktard\u0131\u011f\u0131 y\u0131ll\u0131k aidatlar hem kendi birikimi olarak korunmak [&hellip;]<\/p>\n","protected":false},"author":1,"featured_media":0,"parent":0,"menu_order":0,"comment_status":"closed","ping_status":"closed","template":"page-fullwidth.php","meta":[],"_links":{"self":[{"href":"https:\/\/miv-san.org\/index.php?rest_route=\/wp\/v2\/pages\/570"}],"collection":[{"href":"https:\/\/miv-san.org\/index.php?rest_route=\/wp\/v2\/pages"}],"about":[{"href":"https:\/\/miv-san.org\/index.php?rest_route=\/wp\/v2\/types\/page"}],"author":[{"embeddable":true,"href":"https:\/\/miv-san.org\/index.php?rest_route=\/wp\/v2\/users\/1"}],"replies":[{"embeddable":true,"href":"https:\/\/miv-san.org\/index.php?rest_route=%2Fwp%2Fv2%2Fcomments&post=570"}],"version-history":[{"count":10,"href":"https:\/\/miv-san.org\/index.php?rest_route=\/wp\/v2\/pages\/570\/revisions"}],"predecessor-version":[{"id":1036,"href":"https:\/\/miv-san.org\/index.php?rest_route=\/wp\/v2\/pages\/570\/revisions\/1036"}],"wp:attachment":[{"href":"https:\/\/miv-san.org\/index.php?rest_route=%2Fwp%2Fv2%2Fmedia&parent=570"}],"curies":[{"name":"wp","href":"https:\/\/api.w.org\/{rel}","templated":true}]}}