{"id":574,"date":"2021-10-01T15:04:14","date_gmt":"2021-10-01T15:04:14","guid":{"rendered":"https:\/\/miv-san.org\/?page_id=574"},"modified":"2021-10-27T15:15:44","modified_gmt":"2021-10-27T15:15:44","slug":"yonetim-kurulu","status":"publish","type":"page","link":"https:\/\/miv-san.org\/?page_id=574","title":{"rendered":"5. D\u00f6nem Y\u00f6netim Kurulu"},"content":{"rendered":"<p>[vc_row cth_layout=&#8221;monolit_page_sec&#8221; el_id=&#8221;sec1&#8243;][vc_column offset=&#8221;vc_col-md-8&#8243;][vc_column_text]<\/p>\n<h2 class=\"section-title\">5. D\u00f6nem (2020-2022) Y\u00f6netim Kurulu<\/h2>\n<div class=\"process-box\"><\/div>\n<p>[\/vc_column_text][vc_empty_space][vc_row_inner][\/vc_row_inner][vc_column_inner width=&#8221;1\/2&#8243;][vc_column_text]<\/p>\n<h3 class=\"yon-kurulp\">As\u0131l Y\u00f6netim Kurulu \u00dcyeleri<\/h3>\n<p>&nbsp;<\/p>\n<blockquote><p>1. Erol T\u00fcrkmen-Ba\u015fkan (\u0130stanbul)<br \/>\n2. Salt\u0131k Y\u00fcceer-2. Ba\u015fkan (\u0130stanbul)<br \/>\n3. Dil\u015fad Akta\u015f Canatay-Sekreter \u00dcye (\u0130stanbul)<br \/>\n4. Leman Ardo\u011fan-Sayman \u00dcye (Ankara)<br \/>\n5. Haluk G\u00f6k\u00e7ay-\u00dcye (Mersin)<br \/>\n6. Macit Toz-\u00dcye (\u0130stanbul)<br \/>\n7. Ramadan Cesur-\u00dcye (\u0130stanbul)<\/p><\/blockquote>\n<p>[\/vc_column_text][\/vc_column_inner][vc_column_inner width=&#8221;1\/2&#8243;][vc_column_text]<\/p>\n<h3 class=\"yon-kurulp\">Yedek Y\u00f6netim Kurulu \u00dcyeleri<\/h3>\n<p>&nbsp;<\/p>\n<blockquote><p>1. Leyla Celep G\u00fcrsoy (\u0130stanbul)<br \/>\n2. Ay\u00e7a Kut (\u0130stanbul-Yalova)<br \/>\n3. Tu\u011frul Eker (\u0130stanbul)<br \/>\n4. \u0130lmen G\u00f6zde (\u0130stanbul)<br \/>\n5. M. Sinan \u00d6zkan (\u0130stanbul-Silivri)<br \/>\n6. Petek Ceyhan (Ankara)<br \/>\n7. Selcan Be\u015fik (Ordu)<\/p><\/blockquote>\n<p>[\/vc_column_text][vc_btn title=&#8221;5. D\u00f6nem \u00c7al\u0131\u015fma Program\u0131&#8221; color=&#8221;info&#8221; i_align=&#8221;right&#8221; i_icon_fontawesome=&#8221;fas fa-share&#8221; css_animation=&#8221;fadeIn&#8221; add_icon=&#8221;true&#8221; link=&#8221;url:https%3A%2F%2Fmimarlikvakfi.org.tr%2Fmivsan%2F%3Fpage_id%3D815|title:5.%20D%C3%B6nem%20%C3%87al%C4%B1%C5%9Fma%20Program%C4%B1%20(2020%20%E2%80%93%202022%20)&#8221; css=&#8221;.vc_custom_1634564441205{margin-top: 20px !important;}&#8221;][\/vc_column_inner][\/vc_column][vc_column offset=&#8221;vc_col-md-4&#8243;][monolit_parallax_box box_pos=&#8221;center&#8221;]<img loading=\"lazy\" class=\"respimg alignnone wp-image-552 size-full\" src=\"https:\/\/miv-san.org\/wp-content\/uploads\/2021\/09\/miv-san-banner2.jpg\" alt=\"M\u0130V-SAN Banner\" width=\"600\" height=\"876\" srcset=\"https:\/\/miv-san.org\/wp-content\/uploads\/2021\/09\/miv-san-banner2.jpg 600w, https:\/\/miv-san.org\/wp-content\/uploads\/2021\/09\/miv-san-banner2-205x300.jpg 205w\" sizes=\"(max-width: 600px) 100vw, 600px\" \/>[\/monolit_parallax_box][\/vc_column][\/vc_row]<\/p>\n","protected":false},"excerpt":{"rendered":"<p>[vc_row cth_layout=&#8221;monolit_page_sec&#8221; el_id=&#8221;sec1&#8243;][vc_column offset=&#8221;vc_col-md-8&#8243;][vc_column_text] 5. D\u00f6nem (2020-2022) Y\u00f6netim Kurulu [\/vc_column_text][vc_empty_space][vc_row_inner][\/vc_row_inner][vc_column_inner width=&#8221;1\/2&#8243;][vc_column_text] As\u0131l Y\u00f6netim Kurulu \u00dcyeleri &nbsp; 1. Erol T\u00fcrkmen-Ba\u015fkan (\u0130stanbul) 2. Salt\u0131k Y\u00fcceer-2. Ba\u015fkan (\u0130stanbul) 3. Dil\u015fad Akta\u015f Canatay-Sekreter \u00dcye (\u0130stanbul) 4. Leman Ardo\u011fan-Sayman \u00dcye (Ankara) 5. Haluk G\u00f6k\u00e7ay-\u00dcye (Mersin) 6. Macit Toz-\u00dcye (\u0130stanbul) 7. Ramadan Cesur-\u00dcye (\u0130stanbul) [\/vc_column_text][\/vc_column_inner][vc_column_inner width=&#8221;1\/2&#8243;][vc_column_text] Yedek Y\u00f6netim Kurulu \u00dcyeleri &nbsp; [&hellip;]<\/p>\n","protected":false},"author":1,"featured_media":0,"parent":0,"menu_order":0,"comment_status":"closed","ping_status":"closed","template":"page-fullwidth.php","meta":[],"_links":{"self":[{"href":"https:\/\/miv-san.org\/index.php?rest_route=\/wp\/v2\/pages\/574"}],"collection":[{"href":"https:\/\/miv-san.org\/index.php?rest_route=\/wp\/v2\/pages"}],"about":[{"href":"https:\/\/miv-san.org\/index.php?rest_route=\/wp\/v2\/types\/page"}],"author":[{"embeddable":true,"href":"https:\/\/miv-san.org\/index.php?rest_route=\/wp\/v2\/users\/1"}],"replies":[{"embeddable":true,"href":"https:\/\/miv-san.org\/index.php?rest_route=%2Fwp%2Fv2%2Fcomments&post=574"}],"version-history":[{"count":21,"href":"https:\/\/miv-san.org\/index.php?rest_route=\/wp\/v2\/pages\/574\/revisions"}],"predecessor-version":[{"id":1028,"href":"https:\/\/miv-san.org\/index.php?rest_route=\/wp\/v2\/pages\/574\/revisions\/1028"}],"wp:attachment":[{"href":"https:\/\/miv-san.org\/index.php?rest_route=%2Fwp%2Fv2%2Fmedia&parent=574"}],"curies":[{"name":"wp","href":"https:\/\/api.w.org\/{rel}","templated":true}]}}