{"id":628,"date":"2021-10-02T08:39:08","date_gmt":"2021-10-02T08:39:08","guid":{"rendered":"https:\/\/miv-san.org\/?page_id=628"},"modified":"2023-12-28T10:51:28","modified_gmt":"2023-12-28T10:51:28","slug":"bireysel-emeklilik","status":"publish","type":"page","link":"https:\/\/miv-san.org\/?page_id=628","title":{"rendered":"M\u0130V-SAN Hizmetleri"},"content":{"rendered":"<p>[vc_row cth_layout=&#8221;monolit_page_sec&#8221; el_id=&#8221;sec2&#8243;][vc_column offset=&#8221;vc_col-md-8&#8243;][vc_column_text]<\/p>\n<h3>\u00dcyelik Birikimi<\/h3>\n<p>&nbsp;<\/p>\n<p style=\"padding-left: 40px;\">M\u0130V-SAN \u00dcyesi\u2019nin y\u0131ll\u0131k aidatlar\u0131 M\u0130V-SAN hesab\u0131 alt\u0131nda \u00dcyenin kendisi i\u00e7in biriktirilir. 5 y\u0131l\u0131n\u0131 doldurmu\u015f her \u00dcyenin o zamana kadarki birikimi -\u00dcyeli\u011fini sonland\u0131rmas\u0131 halinde- kendisine iade edilir. G\u00fcncel birikim tutar\u0131 son y\u0131l\u0131n aidat tutar\u0131n\u0131n \u00dcye olarak doldurulan y\u0131l say\u0131s\u0131 ile \u00e7arp\u0131larak belirlenir.<\/p>\n<p>&nbsp;<\/p>\n<h3>Sosyal Yard\u0131m<\/h3>\n<p>&nbsp;<\/p>\n<p style=\"padding-left: 40px;\">Sa\u011fl\u0131k ve ekonomik durumunun yetersizli\u011fini belgelemesi halinde kendisinin veya ailesinin ba\u015fvurusu \u00fczerine Ortaklara M\u0130V-SAN Y\u00f6netim Kurulu karar\u0131yla yap\u0131lan yard\u0131m t\u00fcr\u00fcd\u00fcr. Kar\u015f\u0131l\u0131ks\u0131z Sosyal Yard\u0131m\u0131n \u00fcst s\u0131n\u0131r\u0131 ve b\u00fct\u00e7esi, her y\u0131l yap\u0131lan Genel Kurul (veya Mali Genel Kurul)\u2019da belirlenir. 2023 Y\u0131l\u0131 M\u0130V-SAN 6. D\u00f6nem Ola\u011fan Genel Kurulu\u2019nda belirlenen yard\u0131m \u00fcst s\u0131n\u0131r tutar\u0131 ki\u015fi baz\u0131nda 6.000 TL olarak belirlenmi\u015ftir.<\/p>\n<p>&nbsp;<\/p>\n<h3>\u0130\u015f G\u00f6remezlik Yard\u0131m\u0131<\/h3>\n<p>&nbsp;<\/p>\n<p style=\"padding-left: 40px;\">Orta\u011f\u0131n, yasalarda tan\u0131ml\u0131 s\u00fcrekli i\u015f g\u00f6remezlik durumunun belgelenerek M\u0130V-SAN\u2019a sunulmas\u0131 halinde \u201cSand\u0131k Ortakl\u0131\u011f\u0131 Ya\u015f\u0131 x G\u00fcncel Ortakl\u0131k Aidat\u0131 x 2\u201d form\u00fcl\u00fcyle hesaplanmakta olan \u0130\u015f G\u00f6remezlik Yard\u0131m\u0131 almas\u0131 sa\u011flan\u0131r. Orta\u011f\u0131n \u00dcyeli\u011fi pasife al\u0131narak sonraki y\u0131llarda aidat \u00f6demesi zorunlulu\u011fu ortadan kald\u0131r\u0131l\u0131r.<\/p>\n<p>&nbsp;<\/p>\n<h3>\u00dcyelik \u00d6ncelik ve \u0130ndirimleri<\/h3>\n<p>&nbsp;<\/p>\n<p style=\"padding-left: 40px;\">M\u0130V-SAN meslekta\u015flar\u0131n\u0131 \u00fcyeli\u011fe te\u015fvik etmek ve Ortaklara \u00fcyelik ayr\u0131cal\u0131\u011f\u0131 hissettirebilmek amac\u0131yla payda\u015f ve anla\u015fmal\u0131 kurumlardan \u00f6ncelik ve indirim olanaklar\u0131 sunmaya \u00e7al\u0131\u015f\u0131r.<\/p>\n<p>[\/vc_column_text][\/vc_column][vc_column offset=&#8221;vc_col-md-4&#8243;][monolit_parallax_box box_pos=&#8221;center&#8221;]<img loading=\"lazy\" class=\"respimg alignnone wp-image-552 size-full\" src=\"https:\/\/miv-san.org\/wp-content\/uploads\/2021\/09\/miv-san-banner2.jpg\" alt=\"M\u0130V-SAN Banner\" width=\"600\" height=\"876\" srcset=\"https:\/\/miv-san.org\/wp-content\/uploads\/2021\/09\/miv-san-banner2.jpg 600w, https:\/\/miv-san.org\/wp-content\/uploads\/2021\/09\/miv-san-banner2-205x300.jpg 205w\" sizes=\"(max-width: 600px) 100vw, 600px\" \/>[\/monolit_parallax_box][\/vc_column][\/vc_row]<\/p>\n","protected":false},"excerpt":{"rendered":"<p>[vc_row cth_layout=&#8221;monolit_page_sec&#8221; el_id=&#8221;sec2&#8243;][vc_column offset=&#8221;vc_col-md-8&#8243;][vc_column_text] \u00dcyelik Birikimi &nbsp; M\u0130V-SAN \u00dcyesi\u2019nin y\u0131ll\u0131k aidatlar\u0131 M\u0130V-SAN hesab\u0131 alt\u0131nda \u00dcyenin kendisi i\u00e7in biriktirilir. 5 y\u0131l\u0131n\u0131 doldurmu\u015f her \u00dcyenin o zamana kadarki birikimi -\u00dcyeli\u011fini sonland\u0131rmas\u0131 halinde- kendisine iade edilir. G\u00fcncel birikim tutar\u0131 son y\u0131l\u0131n aidat tutar\u0131n\u0131n \u00dcye olarak doldurulan y\u0131l say\u0131s\u0131 ile \u00e7arp\u0131larak belirlenir. &nbsp; Sosyal Yard\u0131m &nbsp; Sa\u011fl\u0131k ve ekonomik [&hellip;]<\/p>\n","protected":false},"author":1,"featured_media":0,"parent":0,"menu_order":0,"comment_status":"closed","ping_status":"closed","template":"page-fullwidth.php","meta":[],"_links":{"self":[{"href":"https:\/\/miv-san.org\/index.php?rest_route=\/wp\/v2\/pages\/628"}],"collection":[{"href":"https:\/\/miv-san.org\/index.php?rest_route=\/wp\/v2\/pages"}],"about":[{"href":"https:\/\/miv-san.org\/index.php?rest_route=\/wp\/v2\/types\/page"}],"author":[{"embeddable":true,"href":"https:\/\/miv-san.org\/index.php?rest_route=\/wp\/v2\/users\/1"}],"replies":[{"embeddable":true,"href":"https:\/\/miv-san.org\/index.php?rest_route=%2Fwp%2Fv2%2Fcomments&post=628"}],"version-history":[{"count":14,"href":"https:\/\/miv-san.org\/index.php?rest_route=\/wp\/v2\/pages\/628\/revisions"}],"predecessor-version":[{"id":1124,"href":"https:\/\/miv-san.org\/index.php?rest_route=\/wp\/v2\/pages\/628\/revisions\/1124"}],"wp:attachment":[{"href":"https:\/\/miv-san.org\/index.php?rest_route=%2Fwp%2Fv2%2Fmedia&parent=628"}],"curies":[{"name":"wp","href":"https:\/\/api.w.org\/{rel}","templated":true}]}}