{"id":75,"date":"2016-02-19T16:17:17","date_gmt":"2016-02-19T16:17:17","guid":{"rendered":"http:\/\/demowp.cththemes.net\/monolit\/?page_id=75"},"modified":"2023-12-29T15:06:52","modified_gmt":"2023-12-29T15:06:52","slug":"miv-sanin-kurulusu","status":"publish","type":"page","link":"https:\/\/miv-san.org\/?page_id=75","title":{"rendered":"M\u0130V-SAN&#8217;\u0131n Kurulu\u015fu"},"content":{"rendered":"<p>[vc_row cth_layout=&#8221;monolit_page_sec&#8221; el_id=&#8221;sec2&#8243;][vc_column offset=&#8221;vc_col-md-8&#8243;][vc_column_text]<\/p>\n<h2 class=\"section-title\">Kurulu\u015f<\/h2>\n<p class=\"no-rep\">1997 y\u0131l\u0131nda, Mimarl\u0131k Vakf\u0131 Vak\u0131f senedinin 2. Maddesi olan ama\u00e7 ve kapsam maddesinde yer alan \u201c&#8230;Mimarlar ve mimarl\u0131k mesle\u011fine hizmet edenler aras\u0131nda maddi ve moral destek sa\u011flayacak bir yard\u0131mla\u015fma sand\u0131\u011f\u0131 kurmak&#8230;.\u201d ifadesine uygun olarak kurulan Mimarl\u0131k Vakf\u0131 Sosyal G\u00fcvenlik ve Yard\u0131mla\u015fma Sand\u0131\u011f\u0131, Mimarl\u0131k Vakf\u0131n\u0131n 10.Nisan.2011 tarihinde yap\u0131lan 16. Kurucular Kurulu toplant\u0131s\u0131nda kabul edilen yeni y\u00f6netmeli\u011fiyle \u00f6zerklik s\u00fcrecine girmi\u015ftir. Yeni y\u00f6netmelik do\u011frultusunda g\u00f6revlendirilen Ge\u00e7ici Y\u00f6netim Kurulu, Y\u00f6netmeli\u011fin 6. Maddesine g\u00f6re 4 Aral\u0131k 2011 tarihinde ilk Sand\u0131k Genel Kurulu\u2019nun yap\u0131lmas\u0131n\u0131 ger\u00e7ekle\u015ftirmi\u015ftir.<\/p>\n<p>Halen 6. D\u00f6nemini s\u00fcrmekte olan M\u0130V-SAN,\u00a0 bug\u00fcne kadarki genel kurullar\u0131n\u0131 a\u015fa\u011f\u0131daki tarihlerde ger\u00e7ekle\u015ftirmi\u015ftir:<\/p>\n<p>&nbsp;<\/p>\n<table class=\"table\">\n<tbody>\n<tr>\n<td>1<\/td>\n<td>4.12.2011<\/td>\n<td>M\u0130V-SAN 1. D\u00f6nem Ola\u011fan Genel Kurulu<\/td>\n<\/tr>\n<tr>\n<td width=\"64\">2<\/td>\n<td width=\"192\">\u00a02.2.2013<\/td>\n<td width=\"495\">M\u0130V-SAN\u00a0 1. D\u00f6nem 1. Mali Genel Kurulu<\/td>\n<\/tr>\n<tr>\n<td width=\"64\">3<\/td>\n<td width=\"192\">11.01.2014<\/td>\n<td width=\"495\">M\u0130V-SAN 2. D\u00f6nem Ola\u011fan Genel Kurulu<\/td>\n<\/tr>\n<tr>\n<td width=\"64\">4<\/td>\n<td width=\"192\">10.01.2015<\/td>\n<td width=\"495\">M\u0130V-SAN 2. D\u00f6nem 2. Mali Genel Kurulu<\/td>\n<\/tr>\n<tr>\n<td width=\"64\"><strong>5<\/strong><\/td>\n<td width=\"192\"><strong>20.06.2015<\/strong><\/td>\n<td width=\"495\"><strong>M\u0130V-SAN Ola\u011fan\u00fcst\u00fc Genel Kurulu<\/strong><\/td>\n<\/tr>\n<tr>\n<td width=\"64\">6<\/td>\n<td width=\"192\">30.01.2016<\/td>\n<td width=\"495\">M\u0130V-SAN 3. D\u00f6nem Ola\u011fan Genel Kurulu<\/td>\n<\/tr>\n<tr>\n<td width=\"64\">7<\/td>\n<td width=\"192\">25.02.2017<\/td>\n<td width=\"495\">M\u0130V-SAN 3. D\u00f6nem 3. Mali Genel Kurulu<\/td>\n<\/tr>\n<tr>\n<td width=\"64\">8<\/td>\n<td width=\"192\">28.01.2018<\/td>\n<td width=\"495\">M\u0130V-SAN 4. D\u00f6nem Ola\u011fan Genel Kurulu<\/td>\n<\/tr>\n<tr>\n<td width=\"64\">9<\/td>\n<td width=\"192\">26.01.2019<\/td>\n<td width=\"495\">M\u0130V-SAN 4. D\u00f6nem 4. Mali Genel Kurulu<\/td>\n<\/tr>\n<tr>\n<td width=\"64\">10<\/td>\n<td width=\"192\">18.01.2020<\/td>\n<td width=\"495\">M\u0130V-SAN 5. D\u00f6nem Ola\u011fan Genel Kurulu<\/td>\n<\/tr>\n<tr>\n<td width=\"64\">11<\/td>\n<td width=\"192\">27.03.2021<\/td>\n<td width=\"495\">M\u0130V-SAN 5. D\u00f6nem 5. Mali Genel Kurulu<\/td>\n<\/tr>\n<tr>\n<td width=\"64\">12<\/td>\n<td width=\"192\">05.02.2022<\/td>\n<td width=\"495\">M\u0130V-SAN 6. D\u00f6nem Ola\u011fan Genel Kurulu<\/td>\n<\/tr>\n<tr>\n<td width=\"64\">13<\/td>\n<td width=\"192\">28.01.2023<\/td>\n<td width=\"495\">M\u0130V-SAN 6. D\u00f6nem 6. Mali Genel Kurulu<\/td>\n<\/tr>\n<tr>\n<td width=\"64\">14<\/td>\n<td width=\"192\">06.01.2024<\/td>\n<td width=\"495\">M\u0130V-SAN 7. D\u00f6nem Ola\u011fan Genel Kurulu<\/td>\n<\/tr>\n<\/tbody>\n<\/table>\n<p>[\/vc_column_text][\/vc_column][vc_column offset=&#8221;vc_col-md-4&#8243;][monolit_parallax_box box_pos=&#8221;center&#8221;]<img loading=\"lazy\" class=\"respimg alignnone wp-image-552 size-full\" src=\"https:\/\/miv-san.org\/wp-content\/uploads\/2021\/09\/miv-san-banner2.jpg\" alt=\"M\u0130V-SAN Banner\" width=\"600\" height=\"876\" srcset=\"https:\/\/miv-san.org\/wp-content\/uploads\/2021\/09\/miv-san-banner2.jpg 600w, https:\/\/miv-san.org\/wp-content\/uploads\/2021\/09\/miv-san-banner2-205x300.jpg 205w\" sizes=\"(max-width: 600px) 100vw, 600px\" \/>[\/monolit_parallax_box][\/vc_column][\/vc_row]<\/p>\n","protected":false},"excerpt":{"rendered":"<p>[vc_row cth_layout=&#8221;monolit_page_sec&#8221; el_id=&#8221;sec2&#8243;][vc_column offset=&#8221;vc_col-md-8&#8243;][vc_column_text] Kurulu\u015f 1997 y\u0131l\u0131nda, Mimarl\u0131k Vakf\u0131 Vak\u0131f senedinin 2. Maddesi olan ama\u00e7 ve kapsam maddesinde yer alan \u201c&#8230;Mimarlar ve mimarl\u0131k mesle\u011fine hizmet edenler aras\u0131nda maddi ve moral destek sa\u011flayacak bir yard\u0131mla\u015fma sand\u0131\u011f\u0131 kurmak&#8230;.\u201d ifadesine uygun olarak kurulan Mimarl\u0131k Vakf\u0131 Sosyal G\u00fcvenlik ve Yard\u0131mla\u015fma Sand\u0131\u011f\u0131, Mimarl\u0131k Vakf\u0131n\u0131n 10.Nisan.2011 tarihinde yap\u0131lan 16. Kurucular Kurulu [&hellip;]<\/p>\n","protected":false},"author":1,"featured_media":0,"parent":0,"menu_order":0,"comment_status":"closed","ping_status":"closed","template":"page-fullwidth.php","meta":[],"_links":{"self":[{"href":"https:\/\/miv-san.org\/index.php?rest_route=\/wp\/v2\/pages\/75"}],"collection":[{"href":"https:\/\/miv-san.org\/index.php?rest_route=\/wp\/v2\/pages"}],"about":[{"href":"https:\/\/miv-san.org\/index.php?rest_route=\/wp\/v2\/types\/page"}],"author":[{"embeddable":true,"href":"https:\/\/miv-san.org\/index.php?rest_route=\/wp\/v2\/users\/1"}],"replies":[{"embeddable":true,"href":"https:\/\/miv-san.org\/index.php?rest_route=%2Fwp%2Fv2%2Fcomments&post=75"}],"version-history":[{"count":25,"href":"https:\/\/miv-san.org\/index.php?rest_route=\/wp\/v2\/pages\/75\/revisions"}],"predecessor-version":[{"id":1135,"href":"https:\/\/miv-san.org\/index.php?rest_route=\/wp\/v2\/pages\/75\/revisions\/1135"}],"wp:attachment":[{"href":"https:\/\/miv-san.org\/index.php?rest_route=%2Fwp%2Fv2%2Fmedia&parent=75"}],"curies":[{"name":"wp","href":"https:\/\/api.w.org\/{rel}","templated":true}]}}