{"id":813,"date":"2021-10-01T20:23:47","date_gmt":"2021-10-01T20:23:47","guid":{"rendered":"https:\/\/miv-san.org\/?page_id=813"},"modified":"2021-10-18T15:46:57","modified_gmt":"2021-10-18T15:46:57","slug":"2-donem-calisma-programi","status":"publish","type":"page","link":"https:\/\/miv-san.org\/?page_id=813","title":{"rendered":"2. D\u00f6nem \u00c7al\u0131\u015fma Program\u0131"},"content":{"rendered":"<p>[vc_row cth_layout=&#8221;monolit_page_sec&#8221; el_id=&#8221;sec1&#8243;][vc_column offset=&#8221;vc_col-md-8&#8243;][vc_column_text]<\/p>\n<h1 class=\"section-title\">2. D\u00f6nem \u00c7al\u0131\u015fma Program\u0131 (2014 \u2013 2016)<\/h1>\n<p>11.Ocak.2014 tarihinde yap\u0131lan 3.Ola\u011fan Genel Kurul\u2019da M\u0130V-SAN II. D\u00f6nem Y\u00f6netim Kurulu se\u00e7ilmi\u015ftir.\u00a0 Se\u00e7ilmi\u015f olarak g\u00f6rev \u00fcstlenen Y\u00f6netim Kurulu \u00dcyeleri; M\u0130V-SAN y\u00f6netmeli\u011finin ama\u00e7 maddesinde belirtildi\u011fi gibi <em>\u201c..ortaklar\u0131na veya lehtarlar\u0131na bu y\u00f6netmelikle belirlenen yard\u0131mlar\u0131 yapmak ve bu yard\u0131mlar\u0131n kapsam\u0131n\u0131 zamanla geni\u015fleterek etkin bir sosyal g\u00fcvenlik \u015femsiyesi olu\u015fturmak..<\/em>\u201d c\u00fcmlesi kapsam\u0131na ve Y\u00f6netmeli\u011fin 12. Maddesine uygun olarak, \u00fcstlendi\u011fi g\u00f6revi yerine getirece\u011fi bilinciyle, I. D\u00f6nem \u00e7al\u0131\u015fmalar\u0131 sonu\u00e7lar\u0131, ortak ve \u00fcyelerin Dan\u0131\u015fma Kurullar\u0131 ve Genel Kurullarda dile getirdikleri \u00f6nerileri ve ele\u015ftirilerini dikkate alarak M\u0130V-SAN II. D\u00f6nem \u00e7al\u0131\u015fma program\u0131n\u0131 haz\u0131rlam\u0131\u015ft\u0131r.<\/p>\n<p>\u00c7al\u0131\u015fma Program\u0131 \u00fc\u00e7 ana ba\u015fl\u0131k alt\u0131nda ele al\u0131nm\u0131\u015ft\u0131r.<\/p>\n<h4>A) M\u0130V-SAN\u2019IN G\u00dc\u00c7LEND\u0130R\u0130LMES\u0130 VE \u00dcYE SAYISININ ARTIRILMASI<\/h4>\n<ol>\n<li>Mimarl\u0131k Vakf\u0131 ile \u0130li\u015fkilerin G\u00fc\u00e7lendirilmesi,<br \/>\nMimarl\u0131k Vak\u0131f\u0131 ilebirlikte Mimarlar\u0131n yararlanabilece\u011fi, bir araya gelebilece\u011fi Mimarlar Evi. Mimarlar K\u00f6y\u00fc, Mimar \u00e7ocuklar\u0131n\u0131n e\u011fitilece\u011fi Kre\u015f, anaokulu vb. ger\u00e7ekle\u015ftirilmesi i\u00e7in yap\u0131lacak \u00e7al\u0131\u015fmalar\u0131n planlanmas\u0131,<\/li>\n<li>M\u0130V-SAN alacaklar\u0131n\u0131n tahsil edilmesi,<\/li>\n<li>M\u0130V-SAN mal varl\u0131\u011f\u0131n\u0131n ve birikimlerininkorunmas\u0131, de\u011ferlendirilmesi ve art\u0131r\u0131lmas\u0131na y\u00f6nelik tedbirleri almak ve gerekli i\u015flemleri yapmak,<\/li>\n<li>Genel Kurul\u2019da onaylanm\u0131\u015f b\u00fct\u00e7ede \u00f6ng\u00f6r\u00fclen gelirlerin art\u0131r\u0131lmas\u0131n\u0131n sa\u011flanmas\u0131, giderlerin ise b\u00fct\u00e7eye uygun olarak ger\u00e7ekle\u015fmesi y\u00f6n\u00fcnde tedbirler almak,<\/li>\n<li>\u00dcyelerin M\u0130V-SAN ile ba\u011fl\u0131l\u0131klar\u0131n\u0131n kuvvetlendirilmesine y\u00f6nelik \u00e7al\u0131\u015fmalar yap\u0131lmas\u0131,<\/li>\n<li>M\u0130V-SAN\u2019a yeni \u00fcyeler kazand\u0131r\u0131lmas\u0131 i\u00e7in \u00e7al\u0131\u015fmalar yap\u0131lmas\u0131, Potansiyel meslekta\u015flar\u0131m\u0131za y\u00f6nelik \u201c\u00f6\u011frenci \u00fcyelik\u201d sistemini her bak\u0131mdan zengin i\u00e7erikle donatarak (\u00f6rne\u011fin reas\u00fcrans \u015firketiyle g\u00f6r\u00fc\u015f\u00fclerek \u00f6\u011frenci ferdi kaza sigorta vb. enstr\u00fcmanlar\u0131 sponsorlukla desteklenen \u00e7al\u0131\u015fma istenebilir) \u201c<u>g<em>elece\u011finiz mimarlar odas\u0131nda ve M\u0130V-SAN\u2019dad\u0131r.<\/em><\/u>\u201d temas\u0131 i\u015flenerek, mesle\u011fe ba\u015flad\u0131klar\u0131 andan itibaren de Mimarlar Toplulu\u011funun dayan\u0131\u015fma dinami\u011finin ve itici g\u00fcc\u00fcn fark\u0131na varmalar\u0131n\u0131n sa\u011flanmas\u0131, Uzun y\u0131llar mesle\u011finde ilerle ve geli\u015fme sa\u011flam\u0131\u015f Mimarl\u0131k Vakf\u0131 Kurucu Kurul ve M\u0130V-SAN \u00fcyeleri ile \u00f6\u011frenci ve yeni mezun mimarlar aras\u0131nda sa\u011flam ve kal\u0131c\u0131 dostluk k\u00f6pr\u00fcleri olu\u015fturarak, ya\u015fanm\u0131\u015fl\u0131klar ve deneyimleri payla\u015farak, kar\u015f\u0131l\u0131kl\u0131 i\u015fbirliklerin ger\u00e7ekle\u015ftirilmesi,<\/li>\n<li style=\"list-style-type: none;\"><\/li>\n<li>M\u0130V-SAN\u2019\u0131, t\u00fcm mimarlar\u0131n g\u00fcvendi\u011fi ve g\u00f6n\u00fcll\u00fc olarak el ele verdi\u011fi dayan\u0131\u015fma \u00f6rg\u00fct\u00fc olarak kurumsalla\u015ft\u0131rmak,<\/li>\n<\/ol>\n<p>Belirlenen bu eylemleri ger\u00e7ekle\u015ftirmek amac\u0131yla,<\/p>\n<ol>\n<li>M\u0130V-SAN\u2019\u0131n \u00f6rg\u00fctlenmesi ve kurumsalla\u015ft\u0131r\u0131lmas\u0131 komitesi<\/li>\n<li>M\u0130V-SAN \u00fcye ili\u015fkileri komitesi<\/li>\n<li>M\u0130V-SAN\u2019a kaynak yaratma komitesi<\/li>\n<\/ol>\n<p>kurulmas\u0131 ve komitelerin \u00e7al\u0131\u015fmalar\u0131na gerekli deste\u011fin Y\u00f6netim Kurulu taraf\u0131ndan sa\u011flanmas\u0131,<\/p>\n<h4>\u00dcYELERLE<strong> \u0130LET\u0130\u015e\u0130M VE \u00dcYELERE SA\u011eLANACAK DESTEK VE YARDIMLAR<\/strong><\/h4>\n<ol>\n<li>\u00dcyelerle ileti\u015fimin s\u00fcrekli ve sa\u011fl\u0131kl\u0131 s\u00fcrd\u00fcr\u00fclmesinin sa\u011flanmas\u0131 (mail, sosyal medya, internet sitemiz, telefonla mesaj sistemi vb.),<br \/>\nM\u0130V-SAN ortak ve \u00fcyelerine etkili hizmet etmenin birinci ko\u015fulu daha ekili bir ileti\u015fim ger\u00e7e\u011fidir. Bu amac\u0131 ger\u00e7ekle\u015ftirmek i\u00e7in \u00f6zellikle \u00fcyelerimizin en de\u011ferli g\u00fcnleri (do\u011fum, evlilik, tan\u0131\u015fma, mezuniyet, meslek ba\u015far\u0131lar\u0131 vb.) ile maddi manevi deste\u011fe ihtiya\u00e7 duydu\u011fu her zaman yanlar\u0131nda olman\u0131n gereklerini yerine getirecek, \u00fcyelerimizle bilgi ak\u0131\u015f\u0131 sa\u011flayacak sistemlerin (mail, telefonla mesaj vb.) etkin \u00e7al\u0131\u015ft\u0131r\u0131lmas\u0131,G\u00fcn\u00fcm\u00fcz teknolojilerinin ortak platformlar\u0131 olan sosyal medya ayg\u0131tlar\u0131 (twiter, facebook, watsup, vb.) etkili \u015fekilde y\u00f6netilerek M\u0130V-SAN Ortak ve \u00fcyeleri ile potansiyel \u00fcye meslekta\u015flar\u0131m\u0131z aras\u0131nda ileti\u015fim k\u00f6pr\u00fcs\u00fc sa\u011flanmas\u0131,G\u00fcncel bilgi ak\u0131\u015f\u0131 ile geli\u015fmelerinM\u0130V-SAN \u00fcye ve ortaklar\u0131n\u0131n yak\u0131ndan takip edebilmelerinin sa\u011flanmas\u0131, Yukar\u0131da s\u00f6z\u00fc edilen t\u00fcm teknolojik olanaklar en geni\u015f bilgilendirme vas\u0131talar\u0131 haline getirerek \u00fcyelerimizle ba\u011flar\u0131m\u0131z\u0131n g\u00fc\u00e7lendirilmesi,<\/li>\n<li>M\u0130V-SAN Ortak ve \u00dcyeleri ve t\u00fcm ilgilenenlerin M\u0130V-SAN web sitesine normal eri\u015fimlerinin yan\u0131 s\u0131ra Mimarl\u0131k Vakf\u0131n\u0131n, Mimarlar Odas\u0131n\u0131n ve di\u011fer STK\u2019lar\u0131n web sayfalar\u0131ndan M\u0130V-SAN web sitesine kolayca eri\u015fimin sa\u011flanmas\u0131,<\/li>\n<li>M\u0130V-SAN \u00e7al\u0131\u015fmalar\u0131 ve \u00fcyelerine sa\u011flad\u0131\u011f\u0131 kolayl\u0131klar, destekler hakk\u0131nda belirli aral\u0131klarla bilgi ve haberlerin \u00fcyelere ula\u015ft\u0131r\u0131lmas\u0131,<\/li>\n<li>M\u0130V-SAN Ortak ve \u00fcyelerine daha iyi olanaklar sa\u011flamak amac\u0131yla, mimarlar\u0131n ve dostlar\u0131n\u0131n bir araya gelece\u011fi yemekler d\u00fczenlemek, mimarlar\u0131n \u00fcr\u00fcnlerinin sergilenece\u011fi sergiler a\u00e7arak sergi gelirleri ile ba\u011f\u0131\u015f sa\u011flamak, Sand\u0131k amblemli \u00fcr\u00fcnlerin ba\u011f\u0131\u015f kar\u015f\u0131l\u0131\u011f\u0131 sat\u0131\u015f\u0131 ile gelir elde etmek, v.b. \u00f6denti gelirlerinin yan\u0131 s\u0131ra Sand\u0131k gelirlerine katk\u0131 ama\u00e7l\u0131 sosyal etkinlik \u00e7al\u0131\u015fmalar\u0131n\u0131n yap\u0131lmas\u0131,<\/li>\n<li>M\u0130V-SAN \u00fcyeleri ve mimarlar\u0131n do\u011fal afetler sonucu acze d\u00fc\u015fmesi, kaza, hastal\u0131k ve benzeri durumlarda ortaya \u00e7\u0131kan acil ihtiya\u00e7lar\u0131n\u0131n kar\u015f\u0131lanmas\u0131 ama\u00e7l\u0131 kurulan fona kaynak yaratmak ama\u00e7l\u0131 ve ba\u011f\u0131\u015f toplamaya y\u00f6nelik kampanyalar d\u00fczenlenmesi,<\/li>\n<li>Yard\u0131mlardan yararlanma ko\u015fullar\u0131na ait y\u00f6netmelik, y\u00f6nerge vb belgelerin haz\u0131rlamas\u0131,<\/li>\n<li>\u00dcyelere sa\u011flanan yard\u0131mlar\u0131n art\u0131r\u0131lmas\u0131 ve kapsam\u0131n\u0131n geni\u015fletilmesi<br \/>\nMevcut Yard\u0131mlar;<\/p>\n<ol>\n<li>M\u0130V-SAN kaynaklar\u0131ndan kar\u015f\u0131l\u0131ks\u0131z yap\u0131lan yard\u0131mlar;<\/li>\n<li>Sa\u011fl\u0131k Yard\u0131mlar\u0131<\/li>\n<li>\u00d6l\u00fcm Yard\u0131mlar\u0131<\/li>\n<li>\u0130\u015f g\u00f6rmemezlik yard\u0131m\u0131<\/li>\n<li>Sosyal Dayan\u0131\u015fma Fonundan yap\u0131lan yard\u0131mlar<\/li>\n<li>M\u0130V-SAN \u00fcyesi olmayan mimarlara sa\u011fl\u0131k yard\u0131m\u0131<\/li>\n<li>M\u0130V-SAN \u00fcyesi olmayan mimarlara afet yard\u0131m\u0131<\/li>\n<li>Geri \u00f6demeli ihtiya\u00e7 kredisi verilmesi<\/li>\n<li>Anadolu Hayat Emeklilik ile yap\u0131lan M\u0130V-SAN \u00fcyelerine \u00f6zel ko\u015fullu Bireysel Emeklilik Sigortas\u0131,<\/li>\n<li>\u0130\u015f G\u00fcvenli\u011fi E\u011fitimi bedelinde M\u0130V-SAN \u00fcyelerine \u00f6zel indirim yap\u0131lmas\u0131,<\/li>\n<li>M\u0130V-SAN ortak ve \u00fcyelerine mesleki \u00e7al\u0131\u015fmalar\u0131nda gereksinim duyduklar\u0131 al\u0131mlar\u0131nda indirim elde edebilecekleri olanaklar\u0131n sa\u011flanmas\u0131,<\/li>\n<\/ol>\n<\/li>\n<li>Mesle\u011fe yeni ad\u0131m atan mimarlara yol g\u00f6sterici olunmas\u0131, i\u015flerini kurarken, yar\u0131\u015fmaya girmek istediklerinde kendilerine uzun vadeli kredi olanaklar\u0131 sa\u011flanmas\u0131,<\/li>\n<li>M\u0130V-SAN \u00fcyelerine \u00d6zel sa\u011fl\u0131k kurulu\u015flar\u0131ndan te\u015fhis ve tedavi hizmetlerinde indirim olanaklar\u0131 yaratmak \u00fczere \u00e7al\u0131\u015fma yap\u0131lmas\u0131,<\/li>\n<li>Mimarl\u0131k Toplulu\u011fumuzda sosyal birlikteli\u011fi geli\u015ftirmek amac\u0131yla \u00e7e\u015fitli K\u00fclt\u00fcrel faaliyetlerde \u00f6nc\u00fcl\u00fck edilerek, tiyatro, sinema, m\u00fcze vb. yerlere indirimli bilet temin edilmesinin sa\u011flamas\u0131,<\/li>\n<li>Mesle\u011fe yeni ad\u0131m atm\u0131\u015f mimarlara y\u00f6nelik bilgilendirme \u00e7al\u0131\u015fmalar\u0131 yap\u0131lmas\u0131(\u201cMimarl\u0131k yolunda M\u0130V-SAN yan\u0131mda\u201d , \u201cM\u0130V-SAN\u2019la mesle\u011fime g\u00fc\u00e7l\u00fc ba\u015fl\u0131yorum.\n<ol>\n<li>Mimarl\u0131k Mesle\u011fine ba\u015flarken Mesleki Mevzuat ve Etik<\/li>\n<li>Mimarl\u0131k Mesle\u011finin uygulama alanlar\u0131<\/li>\n<li>Mesleki uygulamada kar\u015f\u0131la\u015f\u0131lan g\u00fc\u00e7l\u00fckler ve \u00e7\u00f6z\u00fcmleri<\/li>\n<\/ol>\n<\/li>\n<\/ol>\n<p>Belirlenen bu eylemleri ger\u00e7ekle\u015ftirmek amac\u0131yla,<\/p>\n<ol>\n<li style=\"list-style-type: none;\">\n<ol>\n<li>M\u0130V-SAN tan\u0131t\u0131m ve ileti\u015fim komitesi<\/li>\n<li>M\u0130V-SAN Sosyal Etkinlikler komitesi<\/li>\n<li>Mimarl\u0131k mesle\u011fine yeni ad\u0131m atm\u0131\u015f mimarlarla ileti\u015fim komitesi<\/li>\n<\/ol>\n<\/li>\n<\/ol>\n<p>kurulmas\u0131 ve komitelerin \u00e7al\u0131\u015fmalar\u0131na gerekli deste\u011fin Y\u00f6netim Kurulu taraf\u0131ndan sa\u011flanmas\u0131,<\/p>\n<h4>C) TMMOB M\u0130MALAR ODASI \u0130LE \u0130L\u0130\u015eK\u0130LER VE M\u0130MARLAR TOPLULU\u011eUNA VER\u0130LECEK H\u0130ZMETLER<\/h4>\n<ol>\n<li>TMMOB Mimarlar Odas\u0131 Merkez ve \u015eube Y\u00f6neticileri ile iyi ileti\u015fim i\u00e7inde olarak Oda \u00fcyeleriyle ileti\u015fim sa\u011flamakMimarl\u0131k Vakf\u0131 Kurucu Kurul \u00dcyesi Mimarlar Odas\u0131 \u015eube ve temsilciliklerle \u00f6rg\u00fctlenme \u00e7al\u0131\u015fmalar\u0131n\u0131n y\u00fcr\u00fct\u00fclmesi, M\u0130V-SAN \u00f6rg\u00fctlenmesi ve \u00fcye say\u0131s\u0131n\u0131n artt\u0131r\u0131lmas\u0131 konusunda TMMOB Mimarlar Odas\u0131 Y\u00f6netimi ile i\u015fbirli\u011fi yap\u0131lmas\u0131n\u0131n gereklili\u011finin bilinciyle gerekli ili\u015fki ve ileti\u015fimin kurulmas\u0131 \u00e7al\u0131\u015fmalar\u0131n\u0131n yap\u0131lmas\u0131,TMMOB Mimarlar Odas\u0131\u2019na \u00fcye olan her mimar\u0131n ayn\u0131 zamanda M\u0130V-SAN \u00fcyelik ko\u015fullar\u0131n\u0131 kabul ederek, M\u0130V-SAN \u00fcyesi olmas\u0131na y\u00f6nelik \u00e7al\u0131\u015fmalar\u0131n yap\u0131lmas\u0131, bu konuda Baro vb meslek \u00f6rg\u00fct\u00fc sand\u0131klar\u0131 y\u00f6netmelik ve \u00e7al\u0131\u015fmalar\u0131n\u0131 inceleyerek, yararl\u0131 \u00f6rnekleri almak,<\/li>\n<li>TMMOB Mimarlar Odas\u0131 Yay\u0131nlar\u0131nda M\u0130V-SAN haber ve duyurular\u0131na yer verilmesini sa\u011flamak<\/li>\n<li>TMMOB Mimarlar Odas\u0131\u2019n\u0131n y\u0131ll\u0131k etkinlik programlar\u0131n\u0131 dikkate alarak, bu etkinliklerde tan\u0131t\u0131m yapmak ve T\u00fcrkiye genelinde mimarlarla ileti\u015fim sa\u011flamak amac\u0131yla M\u0130V-SAN standlar\u0131 a\u00e7arak, yeni \u00fcye kazanma ve ba\u011f\u0131\u015f alarak kaynak yaratman\u0131n sa\u011flanmas\u0131,Belirlenen bu eylemleri ger\u00e7ekle\u015ftirmek amac\u0131yla,<\/li>\n<\/ol>\n<ol>\n<li style=\"list-style-type: none;\">\n<ol>\n<li>M\u0130V-SAN \u2013 TMMOB Mimarlar Odas\u0131 ili\u015fkileri komitesi<\/li>\n<\/ol>\n<\/li>\n<\/ol>\n<p>kurulmas\u0131 ve komitenin \u00e7al\u0131\u015fmalar\u0131na gerekli deste\u011fin Y\u00f6netim Kurulu taraf\u0131ndan sa\u011flanmas\u0131,[\/vc_column_text][\/vc_column][vc_column offset=&#8221;vc_col-md-4&#8243; css=&#8221;.vc_custom_1634567675642{border-left-width: 2px !important;padding-left: 30px !important;border-left-color: #26c7ef !important;border-left-style: solid !important;}&#8221;][vc_column_text]<\/p>\n<h4>2. D\u00d6NEM Y\u00d6NET\u0130M KURULU<\/h4>\n<p>[\/vc_column_text][vc_separator color=&#8221;turquoise&#8221; align=&#8221;align_left&#8221; border_width=&#8221;2&#8243; el_width=&#8221;70&#8243; css_animation=&#8221;slideInRight&#8221;][vc_column_text css=&#8221;.vc_custom_1634571933805{margin-top: 50px !important;}&#8221;]<strong>ASIL<\/strong><br \/>\n1. B\u00fclend Ceylan-Ba\u015fkan (\u0130stanbul)<br \/>\n2. Salt\u0131k Y\u00fcceer-Ba\u015fkan Yrd. (\u0130stanbul)<br \/>\n3. Erol T\u00fcrkmen-Sekreter \u00dcye (\u0130stanbul)<br \/>\n4. Attila Ergin-Sayman \u00dcye (\u0130stanbul-Edirne)<br \/>\n5. Sinan T\u00fct\u00fcnc\u00fc-\u00dcye (Mersin)<br \/>\n6. Leman Ardo\u011fan-\u00dcye (Ankara)<br \/>\n7. Selcan Be\u015fik-\u00dcye (Ordu)[\/vc_column_text][vc_separator color=&#8221;turquoise&#8221; align=&#8221;align_left&#8221; border_width=&#8221;2&#8243; el_width=&#8221;70&#8243; css_animation=&#8221;slideInRight&#8221;][vc_column_text css=&#8221;.vc_custom_1634571976202{margin-top: 50px !important;}&#8221;]<strong>YEDEK<\/strong><br \/>\n1. Z. Deniz Tekg\u00fcvercin (\u0130stanbul)<br \/>\n2. Macit Toz (\u0130stanbul)<br \/>\n3. Leyla Celep G\u00fcrsoy (\u0130stanbul)<br \/>\n4. A. Tamer \u0130nceler (\u0130stanbul)<br \/>\n5. A. Serhan \u015eakar (\u0130stanbul)<br \/>\n6. Ayhan \u00d6zgen (\u0130stanbul)<br \/>\n7. Mehmet Akkol (Mu\u011fla)[\/vc_column_text][vc_separator color=&#8221;turquoise&#8221; align=&#8221;align_left&#8221; border_width=&#8221;2&#8243; el_width=&#8221;70&#8243; css_animation=&#8221;slideInUp&#8221; css=&#8221;.vc_custom_1634567850166{padding-bottom: 50px !important;}&#8221;][\/vc_column][\/vc_row]<\/p>\n","protected":false},"excerpt":{"rendered":"<p>[vc_row cth_layout=&#8221;monolit_page_sec&#8221; el_id=&#8221;sec1&#8243;][vc_column offset=&#8221;vc_col-md-8&#8243;][vc_column_text] 2. D\u00f6nem \u00c7al\u0131\u015fma Program\u0131 (2014 \u2013 2016) 11.Ocak.2014 tarihinde yap\u0131lan 3.Ola\u011fan Genel Kurul\u2019da M\u0130V-SAN II. D\u00f6nem Y\u00f6netim Kurulu se\u00e7ilmi\u015ftir.\u00a0 Se\u00e7ilmi\u015f olarak g\u00f6rev \u00fcstlenen Y\u00f6netim Kurulu \u00dcyeleri; M\u0130V-SAN y\u00f6netmeli\u011finin ama\u00e7 maddesinde belirtildi\u011fi gibi \u201c..ortaklar\u0131na veya lehtarlar\u0131na bu y\u00f6netmelikle belirlenen yard\u0131mlar\u0131 yapmak ve bu yard\u0131mlar\u0131n kapsam\u0131n\u0131 zamanla geni\u015fleterek etkin bir sosyal g\u00fcvenlik \u015femsiyesi [&hellip;]<\/p>\n","protected":false},"author":1,"featured_media":0,"parent":0,"menu_order":0,"comment_status":"closed","ping_status":"closed","template":"page-fullwidth.php","meta":[],"_links":{"self":[{"href":"https:\/\/miv-san.org\/index.php?rest_route=\/wp\/v2\/pages\/813"}],"collection":[{"href":"https:\/\/miv-san.org\/index.php?rest_route=\/wp\/v2\/pages"}],"about":[{"href":"https:\/\/miv-san.org\/index.php?rest_route=\/wp\/v2\/types\/page"}],"author":[{"embeddable":true,"href":"https:\/\/miv-san.org\/index.php?rest_route=\/wp\/v2\/users\/1"}],"replies":[{"embeddable":true,"href":"https:\/\/miv-san.org\/index.php?rest_route=%2Fwp%2Fv2%2Fcomments&post=813"}],"version-history":[{"count":8,"href":"https:\/\/miv-san.org\/index.php?rest_route=\/wp\/v2\/pages\/813\/revisions"}],"predecessor-version":[{"id":965,"href":"https:\/\/miv-san.org\/index.php?rest_route=\/wp\/v2\/pages\/813\/revisions\/965"}],"wp:attachment":[{"href":"https:\/\/miv-san.org\/index.php?rest_route=%2Fwp%2Fv2%2Fmedia&parent=813"}],"curies":[{"name":"wp","href":"https:\/\/api.w.org\/{rel}","templated":true}]}}