{"id":815,"date":"2021-10-01T20:23:47","date_gmt":"2021-10-01T20:23:47","guid":{"rendered":"https:\/\/miv-san.org\/?page_id=815"},"modified":"2021-10-18T16:43:03","modified_gmt":"2021-10-18T16:43:03","slug":"5-donem-2020-2022-calisma-programi","status":"publish","type":"page","link":"https:\/\/miv-san.org\/?page_id=815","title":{"rendered":"5. D\u00f6nem \u00c7al\u0131\u015fma Program\u0131 (2020 \u2013 2022 )"},"content":{"rendered":"<p>[vc_row cth_layout=&#8221;monolit_page_sec&#8221; el_id=&#8221;sec1&#8243;][vc_column offset=&#8221;vc_col-md-8&#8243;][vc_column_text]<\/p>\n<h2 class=\"section-title\">5. D\u00f6nem \u00c7al\u0131\u015fma Program\u0131 (2020 \u2013 2022)<\/h2>\n<p>M\u0130V-SAN; 2020-2022 y\u0131llar\u0131n\u0131 kapsayan 5. D\u00f6neminde, Y\u00f6netmeli\u011finin 2. maddesinde belirtildi\u011fi \u00fczere \u201cortaklar\u0131na veya lehtarlar\u0131na y\u00f6netmelikle belirlenen yard\u0131mlar\u0131 yapmak ve bu yard\u0131mlar\u0131n kapsam\u0131n\u0131 zamanla geni\u015fleterek etkin bir sosyal g\u00fcvenlik \u015femsiyesi olu\u015fturmak\u201d amac\u0131yla \u00e7al\u0131\u015fmalar\u0131n\u0131 s\u00fcrd\u00fcrecektir.<\/p>\n<p>Bu ana ama\u00e7 do\u011frultusunda g\u00f6revini eksiksiz yerine getirebilmesi i\u00e7in, 5. D\u00f6nem\u2019de M\u0130V-SAN\u2019\u0131n finansal ve altyap\u0131sal geli\u015fimini h\u0131zland\u0131rmak birinci \u00f6nceli\u011fi olu\u015fturmaktad\u0131r.<\/p>\n<p>D\u00f6nem boyunca a\u015fa\u011f\u0131da ba\u015fl\u0131klar halinde belirtilen \u00e7al\u0131\u015fma ve etkinliklerin ger\u00e7ekle\u015ftirilmesine, sonras\u0131nda da s\u00fcrd\u00fcr\u00fclebilirli\u011finin sa\u011flanmas\u0131na \u00e7al\u0131\u015f\u0131lacakt\u0131r:<\/p>\n<h4>YARDIM SA\u011eLAMAK<\/h4>\n<ul>\n<li>Ana kurulu\u015f amac\u0131 \u201cyard\u0131m sa\u011flamak\u201d olan M\u0130V-SAN\u2019\u0131n \u00f6ncelikli gerek\u00e7eleri bulunan (do\u011fal afet, kaza, hastal\u0131k vb. ma\u011fduru) ihtiya\u00e7 sahibi \u00dcye ve mimarlardan haberdar olma ortam ve y\u00f6ntemlerini geli\u015ftirmek ve onlara ula\u015fma kanallar\u0131n\u0131 olu\u015fturmak<\/li>\n<li>\u00d6ng\u00f6r\u00fclen b\u00fct\u00e7eye ek olarak belirli ki\u015filer veya amaca y\u00f6nelik yard\u0131m kampanyalar\u0131 d\u00fczenlemek<\/li>\n<li>Yeni mezun veya i\u015fsiz \u00dcyeler i\u00e7in aidat kredilendirme veya ertelemeleri<\/li>\n<\/ul>\n<h5>M\u0130V-SAN KURUMSALLA\u015eMA \u00c7ALI\u015eMALARI<\/h5>\n<ul>\n<li>M\u0130V-SAN\u2019\u0131n maddi s\u00fcreklili\u011finin garanti alt\u0131na al\u0131nmas\u0131 (T\u00fcm \u00dcyelerin istifas\u0131 halinde gerekli olan b\u00fct\u00e7eyi tamamlamak)<\/li>\n<li>E\u015fzamanl\u0131 b\u00fct\u00e7e takip yaz\u0131l\u0131m\u0131 olu\u015fturmak<\/li>\n<li>M\u0130V-SAN\u2019\u0131n y\u00fcr\u00fct\u00fclme sisteminin geli\u015ftirilmesi<\/li>\n<li>Payda\u015flarla ili\u015fkilerin g\u00fc\u00e7lendirilmesi (MO, M\u0130V, M\u0130V \u0130\u015fletme, Ortaklar, Mimarlar, benzer ama\u00e7l\u0131 yard\u0131m kurulu\u015flar\u0131)<\/li>\n<li>M\u0130V-SAN\u2019\u0131n tan\u0131t\u0131m\u0131 ve bilinirli\u011finin sa\u011flanmas\u0131<\/li>\n<li>M\u00dcAP ve M\u0130V-SAN web sitesini g\u00fcncellemek<\/li>\n<\/ul>\n<h4>PAYDA\u015eLARLA \u0130L\u0130\u015eK\u0130LER<\/h4>\n<ul>\n<li>\u00c7at\u0131s\u0131 alt\u0131nda yer ald\u0131\u011f\u0131 M\u0130MARLIK VAKFI ile ileti\u015fim ve i\u015f birli\u011fini art\u0131rarak, \u00dcye haklar\u0131n\u0131 g\u00fcvenceye almak.<\/li>\n<li>TMMOB Mimarlar Odas\u0131 (Genel Merkez\/\u015eube\/Temsilcilikler)\u2019n\u0131n t\u00fcm organlar\u0131na mensup \u00dcye ve delegeleri ile ileti\u015fim f\u0131rsatlar\u0131n\u0131n kollanmas\u0131 ve yarat\u0131lmas\u0131 &#8211; Toplant\u0131 ve etkinliklerinin takip edilerek tan\u0131t\u0131m stand\u0131 a\u00e7\u0131lmas\u0131 &#8211; Toplant\u0131larda sunum yap\u0131lmas\u0131<\/li>\n<li>\u00d6\u011frenci \u00dcyelik sisteminin ba\u015flat\u0131lmas\u0131<\/li>\n<\/ul>\n<h4>GEL\u0130R ARTIRIMI<\/h4>\n<ul>\n<li>\u00dcye aidatlar\u0131n\u0131n m\u00fcmk\u00fcn oldu\u011funca erken ve eksiksiz toplanarak, g\u00fcvenli yat\u0131r\u0131m ara\u00e7lar\u0131 ile de\u011ferinin korunmas\u0131 ve art\u0131r\u0131lmas\u0131<\/li>\n<li>Yeni \u00dcyeler kazand\u0131r\u0131larak aidat gelirlerinin art\u0131r\u0131lmas\u0131 (1500 \u00dcye say\u0131s\u0131na ula\u015fmak)<\/li>\n<li>Ba\u011f\u0131\u015flar\u0131n \u00f6zendirilmesi, kampanya y\u00f6ntem ve \u00e7e\u015fitliliklerini geli\u015ftirecek y\u00f6nergelerinin olu\u015fturulmas\u0131<\/li>\n<li>Sat\u0131\u015f ve a\u00e7\u0131k art\u0131rmaya olanak sa\u011flayacak \u00fcr\u00fcnler geli\u015ftirilmesi<\/li>\n<\/ul>\n<h4>TANITIM ORTAMLARININ \u00c7E\u015e\u0130TLEND\u0130R\u0130LMES\u0130 ve YAYGINLA\u015eTIRILMASI<\/h4>\n<ul>\n<li>Y\u00fcz y\u00fcze bilgilendirme<\/li>\n<li>M\u0130V-SAN Tan\u0131t\u0131m Sunumu<\/li>\n<li>M\u0130V-SAN Tan\u0131t\u0131m Bro\u015f\u00fcr\u00fc<\/li>\n<li>S\u00fcreli dijital b\u00fcltenler (duyuru ve haberler)<\/li>\n<li>Web sitesinin iyile\u015ftirilmesi<\/li>\n<li>Sosyal medyan\u0131n aktif ve etkin kullan\u0131lmas\u0131<\/li>\n<li>\u00dcyelere hat\u0131rlatma e-postalar\u0131<\/li>\n<li>\u015eube Y\u00f6netimleri ve \u00dcyeleri ile bulu\u015fmak \u00fczere ziyaretler ger\u00e7ekle\u015ftirmek (5. D\u00f6nem\u2019de en az 10 \u015eube ziyareti)<\/li>\n<\/ul>\n<h5>ETK\u0130NL\u0130KLER<\/h5>\n<ul>\n<li>M\u0130V-SAN Mimarlar Orman\u0131<\/li>\n<li>T\u00fcm fidanlar\u0131n sat\u0131\u015f\u0131n\u0131n tamamlanmas\u0131<\/li>\n<li>M\u0130V-SAN Tan\u0131t\u0131m Stantlar\u0131nda bas\u0131l\u0131 olarak, web sitesi ve sosyal medya ortamlar\u0131nda ise dijital olarak sergilenecek bir M\u0130V-SAN M\u0130MARLAR ORMANI logosu\/simgesi tasarlanmas\u0131<\/li>\n<li>Web sitesinde Orman i\u00e7in fidan sat\u0131n alan ba\u011f\u0131\u015f\u00e7\u0131 isimlere ula\u015f\u0131labilecek bir alan a\u00e7\u0131lmas\u0131<\/li>\n<li>M\u0130V-SAN M\u0130MARLAR ORMANI logosu i\u00e7eren \u00fcr\u00fcnler \u00fcretilmesi ve sat\u0131\u015fa sunulmas\u0131<\/li>\n<li>Orman Haftas\u0131\u2019nda (21-26 Mart) Orman alan\u0131n\u0131n ziyaret edilmesi &amp; kahvalt\u0131 etkinli\u011fi Sergiler<\/li>\n<li>Mimarlardan Hat\u0131ra E\u015fyalar Sanal Sergi ve M\u00fczayedesi (s\u00fcrekli)<\/li>\n<li>Mimarlar Kermesi: Mimarlar\u0131n kendi \u00fcretimi olan \u00fcr\u00fcnlerinin sat\u0131\u015f\u0131 (her y\u0131l 1 kere)<\/li>\n<li>Eskiz\/\u00c7izim\/Resim Sergileri (her y\u0131l 1 kere) S\u00f6yle\u015filer<\/li>\n<li>M\u0130V-SAN Orta\u011f\u0131 mimarlar ile k\u0131sa sanal r\u00f6portajlar ve s\u00f6yle\u015filer (s\u00fcrekli)<\/li>\n<li>Y\u00fcz y\u00fcze s\u00f6yle\u015filer (Mimarl\u0131k \u00fczerine edebiyat s\u00f6yle\u015fileri &amp; Mimar yazar ve \u015fairler) (her y\u0131l en az bir kere) G\u00f6steri ve Konserler<\/li>\n<li>-Tercihen Mimar sanat\u00e7\u0131lar ile- Konserler ve sahne g\u00f6sterileri (her y\u0131l en az bir kere)<\/li>\n<li>\u015eube mekanlar\u0131nda canl\u0131 m\u00fczik e\u015fli\u011finde \u201cYaza Merhaba\u201d ve \u201cYaza Veda\u201d partileri (her y\u0131l en az bir kere) Geziler<\/li>\n<li>Geleneksel Bo\u011faz\u2019da Tekne Gezisi ile Kahvalt\u0131 (her y\u0131l en az bir kere)<\/li>\n<li>M\u0130V-SAN ile Anadolu Gezileri (her y\u0131l en az bir kere) Sat\u0131\u015f Etkinlikleri<\/li>\n<li>T\u00fcm etkinliklerde ve tan\u0131t\u0131m ziyaretlerinde M\u0130V-SAN \u00fcr\u00fcnlerinin veya geliri ba\u011f\u0131\u015flanan kitap vb. \u00fcr\u00fcnlerin sat\u0131\u015f\u0131n\u0131n sa\u011flanmas\u0131<\/li>\n<li>M\u0130V-SAN Sekreterli\u011fi ile M\u0130V K\u0130TABEV\u0130\u2019nde sanal sat\u0131\u015flar\u0131n kesintisiz devam etmesinin sa\u011flanmas\u0131<\/li>\n<\/ul>\n<p>[\/vc_column_text][\/vc_column][vc_column offset=&#8221;vc_col-md-4&#8243; css=&#8221;.vc_custom_1634567675642{border-left-width: 2px !important;padding-left: 30px !important;border-left-color: #26c7ef !important;border-left-style: solid !important;}&#8221;][vc_column_text]<\/p>\n<h4>5. D\u00d6NEM Y\u00d6NET\u0130M KURULU<\/h4>\n<p>[\/vc_column_text][vc_separator color=&#8221;turquoise&#8221; align=&#8221;align_left&#8221; border_width=&#8221;2&#8243; el_width=&#8221;70&#8243; css_animation=&#8221;slideInRight&#8221;][vc_column_text css=&#8221;.vc_custom_1634575372149{margin-top: 50px !important;}&#8221;]<strong>ASIL<\/strong><br \/>\n1. Erol T\u00fcrkmen-Ba\u015fkan (\u0130stanbul)<br \/>\n2. Salt\u0131k Y\u00fcceer-Ba\u015fkan Yrd. (\u0130stanbul)<br \/>\n3. Dil\u015fad Akta\u015f Canatay-Sekreter \u00dcye (\u0130stanbul)<br \/>\n4. Leman Ardo\u011fan-Sayman \u00dcye (Ankara)<br \/>\n5. Haluk G\u00f6k\u00e7ay-\u00dcye (Mersin)<br \/>\n6. Macit Toz-\u00dcye (\u0130stanbul)<br \/>\n7. Ramadan Cesur-\u00dcye (\u0130stanbul)[\/vc_column_text][vc_separator color=&#8221;turquoise&#8221; align=&#8221;align_left&#8221; border_width=&#8221;2&#8243; el_width=&#8221;70&#8243; css_animation=&#8221;slideInRight&#8221;][vc_column_text css=&#8221;.vc_custom_1634575380677{margin-top: 50px !important;}&#8221;]<strong>YEDEK<\/strong><br \/>\n1. Leyla Celep G\u00fcrsoy (\u0130stanbul)<br \/>\n2. Ay\u00e7a Kut (\u0130stanbul-Yalova)<br \/>\n3. Tu\u011frul Eker (\u0130stanbul)<br \/>\n4. \u0130lmen G\u00f6zde (\u0130stanbul)<br \/>\n5. M. Sinan \u00d6zkan (\u0130stanbul-Silivri)<br \/>\n6. Petek Ceyhan (Ankara)<br \/>\n7. Selcan Be\u015fik (Ordu)[\/vc_column_text][vc_separator color=&#8221;turquoise&#8221; align=&#8221;align_left&#8221; border_width=&#8221;2&#8243; el_width=&#8221;70&#8243; css_animation=&#8221;slideInUp&#8221; css=&#8221;.vc_custom_1634567850166{padding-bottom: 50px !important;}&#8221;][\/vc_column][\/vc_row]<\/p>\n","protected":false},"excerpt":{"rendered":"<p>[vc_row cth_layout=&#8221;monolit_page_sec&#8221; el_id=&#8221;sec1&#8243;][vc_column offset=&#8221;vc_col-md-8&#8243;][vc_column_text] 5. D\u00f6nem \u00c7al\u0131\u015fma Program\u0131 (2020 \u2013 2022) M\u0130V-SAN; 2020-2022 y\u0131llar\u0131n\u0131 kapsayan 5. D\u00f6neminde, Y\u00f6netmeli\u011finin 2. maddesinde belirtildi\u011fi \u00fczere \u201cortaklar\u0131na veya lehtarlar\u0131na y\u00f6netmelikle belirlenen yard\u0131mlar\u0131 yapmak ve bu yard\u0131mlar\u0131n kapsam\u0131n\u0131 zamanla geni\u015fleterek etkin bir sosyal g\u00fcvenlik \u015femsiyesi olu\u015fturmak\u201d amac\u0131yla \u00e7al\u0131\u015fmalar\u0131n\u0131 s\u00fcrd\u00fcrecektir. Bu ana ama\u00e7 do\u011frultusunda g\u00f6revini eksiksiz yerine getirebilmesi i\u00e7in, 5. D\u00f6nem\u2019de [&hellip;]<\/p>\n","protected":false},"author":1,"featured_media":0,"parent":0,"menu_order":0,"comment_status":"closed","ping_status":"closed","template":"page-fullwidth.php","meta":[],"_links":{"self":[{"href":"https:\/\/miv-san.org\/index.php?rest_route=\/wp\/v2\/pages\/815"}],"collection":[{"href":"https:\/\/miv-san.org\/index.php?rest_route=\/wp\/v2\/pages"}],"about":[{"href":"https:\/\/miv-san.org\/index.php?rest_route=\/wp\/v2\/types\/page"}],"author":[{"embeddable":true,"href":"https:\/\/miv-san.org\/index.php?rest_route=\/wp\/v2\/users\/1"}],"replies":[{"embeddable":true,"href":"https:\/\/miv-san.org\/index.php?rest_route=%2Fwp%2Fv2%2Fcomments&post=815"}],"version-history":[{"count":5,"href":"https:\/\/miv-san.org\/index.php?rest_route=\/wp\/v2\/pages\/815\/revisions"}],"predecessor-version":[{"id":975,"href":"https:\/\/miv-san.org\/index.php?rest_route=\/wp\/v2\/pages\/815\/revisions\/975"}],"wp:attachment":[{"href":"https:\/\/miv-san.org\/index.php?rest_route=%2Fwp%2Fv2%2Fmedia&parent=815"}],"curies":[{"name":"wp","href":"https:\/\/api.w.org\/{rel}","templated":true}]}}