{"id":940,"date":"2021-10-01T15:04:14","date_gmt":"2021-10-01T15:04:14","guid":{"rendered":"https:\/\/miv-san.org\/?page_id=940"},"modified":"2021-10-27T15:13:59","modified_gmt":"2021-10-27T15:13:59","slug":"yonetim-kurulu-2-2-2-2","status":"publish","type":"page","link":"https:\/\/miv-san.org\/?page_id=940","title":{"rendered":"1. D\u00f6nem Y\u00f6netim Kurulu"},"content":{"rendered":"<p>[vc_row cth_layout=&#8221;monolit_page_sec&#8221; el_id=&#8221;sec1&#8243;][vc_column offset=&#8221;vc_col-md-8&#8243;][vc_column_text]<\/p>\n<h2 class=\"section-title\">1. D\u00f6nem (2011-2014) Y\u00f6netim Kurulu<\/h2>\n<p>&nbsp;<\/p>\n<div class=\"process-box\"><\/div>\n<p>[\/vc_column_text][vc_row_inner][\/vc_row_inner][vc_column_inner width=&#8221;1\/2&#8243;][vc_column_text]<\/p>\n<h3>As\u0131l Y\u00f6netim Kurulu \u00dcyeleri<\/h3>\n<p>&nbsp;<\/p>\n<blockquote><p>1. B\u00fclend Ceylan-Ba\u015fkan (\u0130stanbul)<br \/>\n2. Erol T\u00fcrkmen-Ba\u015fkan Yrd. (\u0130stanbul)<br \/>\n3. Burak Kaan Y\u0131lmazsoy-Sekreter \u00dcye (\u0130stanbul)<br \/>\n4. A. \u0130mran Karaman-Sayman (Ankara)<br \/>\n5. Attila Ergin-\u00dcye (\u0130stanbul-Edirne))<br \/>\n6. Z. Deniz Tekg\u00fcvercin-\u00dcye (\u0130stanbul)<br \/>\n7. Ediz \u0130rfan Erko\u00e7-\u00dcye (Adana)<\/p><\/blockquote>\n<p>[\/vc_column_text][\/vc_column_inner][vc_column_inner width=&#8221;1\/2&#8243;][vc_column_text]<\/p>\n<h3>Yedek Y\u00f6netim Kurulu \u00dcyeleri<\/h3>\n<p>&nbsp;<\/p>\n<blockquote><p>1. Z. Nurfe\u015fan A\u011fra (\u0130stanbul)<br \/>\n2. Leyla Celep G\u00fcrsoy (\u0130stanbul)<br \/>\n3. Selcan Be\u015fik (Ordu)<br \/>\n4. A. Cahit Top (Hatay)<br \/>\n5. Ayhan \u00d6zgen (\u0130stanbul)<br \/>\n6. Sinan T\u00fct\u00fcnc\u00fc (Mersin)<br \/>\n7. G\u00f6n\u00fcl Ersan (\u0130stanbul)<\/p><\/blockquote>\n<p>[\/vc_column_text][vc_btn title=&#8221;1. D\u00f6nem \u00c7al\u0131\u015fma Program\u0131&#8221; color=&#8221;info&#8221; i_align=&#8221;right&#8221; i_icon_fontawesome=&#8221;fas fa-share&#8221; css_animation=&#8221;fadeIn&#8221; add_icon=&#8221;true&#8221; link=&#8221;url:https%3A%2F%2Fmimarlikvakfi.org.tr%2Fmivsan%2F%3Fpage_id%3D618|title:1.%20D%C3%B6nem%20%C3%87al%C4%B1%C5%9Fma%20Program%C4%B1&#8243; css=&#8221;.vc_custom_1634566590358{margin-top: 20px !important;}&#8221;][\/vc_column_inner][\/vc_column][vc_column offset=&#8221;vc_col-md-4&#8243;][monolit_parallax_box box_pos=&#8221;center&#8221;]<img loading=\"lazy\" class=\"respimg alignnone wp-image-552 size-full\" src=\"https:\/\/miv-san.org\/wp-content\/uploads\/2021\/09\/miv-san-banner2.jpg\" alt=\"M\u0130V-SAN Banner\" width=\"600\" height=\"876\" srcset=\"https:\/\/miv-san.org\/wp-content\/uploads\/2021\/09\/miv-san-banner2.jpg 600w, https:\/\/miv-san.org\/wp-content\/uploads\/2021\/09\/miv-san-banner2-205x300.jpg 205w\" sizes=\"(max-width: 600px) 100vw, 600px\" \/>[\/monolit_parallax_box][\/vc_column][\/vc_row]<\/p>\n","protected":false},"excerpt":{"rendered":"<p>[vc_row cth_layout=&#8221;monolit_page_sec&#8221; el_id=&#8221;sec1&#8243;][vc_column offset=&#8221;vc_col-md-8&#8243;][vc_column_text] 1. D\u00f6nem (2011-2014) Y\u00f6netim Kurulu &nbsp; [\/vc_column_text][vc_row_inner][\/vc_row_inner][vc_column_inner width=&#8221;1\/2&#8243;][vc_column_text] As\u0131l Y\u00f6netim Kurulu \u00dcyeleri &nbsp; 1. B\u00fclend Ceylan-Ba\u015fkan (\u0130stanbul) 2. Erol T\u00fcrkmen-Ba\u015fkan Yrd. (\u0130stanbul) 3. Burak Kaan Y\u0131lmazsoy-Sekreter \u00dcye (\u0130stanbul) 4. A. \u0130mran Karaman-Sayman (Ankara) 5. Attila Ergin-\u00dcye (\u0130stanbul-Edirne)) 6. Z. Deniz Tekg\u00fcvercin-\u00dcye (\u0130stanbul) 7. Ediz \u0130rfan Erko\u00e7-\u00dcye (Adana) [\/vc_column_text][\/vc_column_inner][vc_column_inner width=&#8221;1\/2&#8243;][vc_column_text] Yedek Y\u00f6netim [&hellip;]<\/p>\n","protected":false},"author":1,"featured_media":0,"parent":0,"menu_order":0,"comment_status":"closed","ping_status":"closed","template":"page-fullwidth.php","meta":[],"_links":{"self":[{"href":"https:\/\/miv-san.org\/index.php?rest_route=\/wp\/v2\/pages\/940"}],"collection":[{"href":"https:\/\/miv-san.org\/index.php?rest_route=\/wp\/v2\/pages"}],"about":[{"href":"https:\/\/miv-san.org\/index.php?rest_route=\/wp\/v2\/types\/page"}],"author":[{"embeddable":true,"href":"https:\/\/miv-san.org\/index.php?rest_route=\/wp\/v2\/users\/1"}],"replies":[{"embeddable":true,"href":"https:\/\/miv-san.org\/index.php?rest_route=%2Fwp%2Fv2%2Fcomments&post=940"}],"version-history":[{"count":4,"href":"https:\/\/miv-san.org\/index.php?rest_route=\/wp\/v2\/pages\/940\/revisions"}],"predecessor-version":[{"id":1014,"href":"https:\/\/miv-san.org\/index.php?rest_route=\/wp\/v2\/pages\/940\/revisions\/1014"}],"wp:attachment":[{"href":"https:\/\/miv-san.org\/index.php?rest_route=%2Fwp%2Fv2%2Fmedia&parent=940"}],"curies":[{"name":"wp","href":"https:\/\/api.w.org\/{rel}","templated":true}]}}