{"id":970,"date":"2021-10-01T16:32:52","date_gmt":"2021-10-01T16:32:52","guid":{"rendered":"https:\/\/miv-san.org\/?page_id=970"},"modified":"2021-10-18T17:57:33","modified_gmt":"2021-10-18T17:57:33","slug":"3-donem-calisma-programi-2","status":"publish","type":"page","link":"https:\/\/miv-san.org\/?page_id=970","title":{"rendered":"4. D\u00f6nem \u00c7al\u0131\u015fma Program\u0131 (2018 \u2013 2020)"},"content":{"rendered":"<p>[vc_row cth_layout=&#8221;monolit_page_sec&#8221; el_id=&#8221;sec1&#8243;][vc_column offset=&#8221;vc_col-md-8&#8243;][vc_column_text]<\/p>\n<h1 class=\"section-title\">4. D\u00f6nem \u00c7al\u0131\u015fma Program\u0131 (2018 \u2013 2020)<\/h1>\n<p>\u00c7al\u0131\u015fma Program\u0131 \u00fc\u00e7 ana ba\u015fl\u0131k alt\u0131nda ele al\u0131nm\u0131\u015ft\u0131r.<\/p>\n<p>&nbsp;<\/p>\n<p><strong>M\u0130V-SAN\u2019IN G\u00dc\u00c7LEND\u0130R\u0130LMES\u0130<\/strong><\/p>\n<p>1 <strong>M\u0130MARLIK VAKF\u0130 \u0130LE \u0130L\u0130\u015eK\u0130LER<\/strong><\/p>\n<ol>\n<li>Mimarl\u0131k Vakf\u0131 ile ili\u015fkilerin g\u00fc\u00e7lendirilmesi,<\/li>\n<li>Mimarl\u0131k Vakf\u0131 ile birlikte Mimarlar\u0131n yararlanabilece\u011fi, bir araya gelebilece\u011fi Mimarlar Evi. Mimarlar K\u00f6y\u00fc, Mimar \u00e7ocuklar\u0131n\u0131n e\u011fitilece\u011fi Kre\u015f, anaokulu vb. ger\u00e7ekle\u015ftirilmesi i\u00e7in yap\u0131lacak \u00e7al\u0131\u015fmalar\u0131n planlanmas\u0131, ( mimarl\u0131k m\u00fczesi)<\/li>\n<\/ol>\n<p>2. <strong>B\u00dcT\u00c7EN\u0130N B\u00dcY\u00dcT\u00dcLMES\u0130\/GEN\u0130\u015eLET\u0130LMES\u0130<\/strong><\/p>\n<ol>\n<li>M\u0130V-SAN alacaklar\u0131n\u0131n tahsil edilmesi,<\/li>\n<li>M\u0130V-SAN mal varl\u0131\u011f\u0131n\u0131n ve birikimlerinin korunmas\u0131, de\u011ferlendirilmesi ve art\u0131r\u0131lmas\u0131na y\u00f6nelik tedbirleri almak ve gerekli i\u015flemleri yapmak,<\/li>\n<li>Genel Kurul\u2019da onaylanm\u0131\u015f b\u00fct\u00e7ede \u00f6ng\u00f6r\u00fclen gelirlerin art\u0131r\u0131lmas\u0131n\u0131n sa\u011flanmas\u0131, giderlerin ise b\u00fct\u00e7eye uygun olarak ger\u00e7ekle\u015fmesi y\u00f6n\u00fcnde tedbirler almak,<\/li>\n<\/ol>\n<p><strong>3 \u00dcYELER \u0130L\u0130\u015eK\u0130N \u00c7ALI\u015eMALAR<\/strong><\/p>\n<ol>\n<li>\u00dcyelerin M\u0130V-SAN ile ba\u011fl\u0131l\u0131klar\u0131n\u0131n kuvvetlendirilmesine y\u00f6nelik \u00e7al\u0131\u015fmalar yap\u0131lmas\u0131,<\/li>\n<li>M\u0130V-SAN\u2019a yeni \u00fcyeler kazand\u0131r\u0131lmas\u0131 i\u00e7in \u00e7al\u0131\u015fmalar yap\u0131lmas\u0131,<\/li>\n<\/ol>\n<p><strong>4 KURUMSALLA\u015eMA<\/strong><\/p>\n<ol>\n<li>M\u0130V-SAN\u2019\u0131, t\u00fcm mimarlar\u0131n g\u00fcvendi\u011fi ve g\u00f6n\u00fcll\u00fc olarak el ele verdi\u011fi dayan\u0131\u015fma \u00f6rg\u00fct\u00fc olarak kurumsalla\u015ft\u0131rmak,<\/li>\n<\/ol>\n<p><strong>5 M\u0130MARLIK ORMANI \u00c7ALI\u015eMALARI<\/strong><\/p>\n<ol>\n<li>M\u0130V-SAN Mimarlar Orman\u0131&#8217;na kat\u0131l\u0131m\u0131n artt\u0131r\u0131lmas\u0131 y\u00f6n\u00fcnde \u00e7al\u0131\u015fmalar yapmak, \u0130stanbul \u015eube giri\u015fine \u00fczerinde orman ba\u011f\u0131\u015f\u00e7\u0131lar\u0131n\u0131n adlar\u0131n\u0131n yaz\u0131l\u0131 oldu\u011fu sembolik a\u011fa\u00e7 tasarlamak.<\/li>\n<\/ol>\n<p>&nbsp;<\/p>\n<p><strong>\u00dcYELERLE \u0130LET\u0130\u015e\u0130M VE \u00dcYELERE SA\u011eLANACAK DESTEK VE YARDIMLAR<\/strong><\/p>\n<p><strong>1- \u00dcYELERLE \u0130LET\u0130\u015e\u0130M- BA\u011e KURULMASI<\/strong><\/p>\n<ol>\n<li>\u00dcyelerle ileti\u015fimin s\u00fcrekli ve sa\u011fl\u0131kl\u0131 s\u00fcrd\u00fcr\u00fclmesinin sa\u011flanmas\u0131 (mail, sosyal medya, internet sitemiz, telefonla mesaj sistemi vb.),<\/li>\n<li>M\u0130V-SAN \u00e7al\u0131\u015fmalar\u0131 ve \u00fcyelerine sa\u011flad\u0131\u011f\u0131 kolayl\u0131klar, destekler hakk\u0131nda belirli aral\u0131klarla bilgi ve haberlerin \u00fcyelere ula\u015ft\u0131r\u0131lmas\u0131,<\/li>\n<li>\u00dcyelere her ay \u201c<strong>M\u0130V-SAN\u2019DAN HABERLER\u2019\u2019<\/strong> ba\u015fl\u0131\u011f\u0131 alt\u0131nda bilgi aktar\u0131m\u0131mda bulunmak,<\/li>\n<li>M\u0130V-SAN Ortak ve \u00fcyelerine daha iyi olanaklar sa\u011flamak amac\u0131yla, mimarlar\u0131n ve dostlar\u0131n\u0131n bir araya gelece\u011fi yemekler d\u00fczenlemek, mimarlar\u0131n \u00fcr\u00fcnlerinin sergilenece\u011fi sergiler a\u00e7arak sergi gelirleri ile ba\u011f\u0131\u015f sa\u011flamak, Sand\u0131k amblemli \u00fcr\u00fcnlerin ba\u011f\u0131\u015f kar\u015f\u0131l\u0131\u011f\u0131 sat\u0131\u015f\u0131 ile gelir elde etmek, vb. \u00f6denti gelirlerinin yan\u0131 s\u0131ra Sand\u0131k gelirlerine katk\u0131 ama\u00e7l\u0131 sosyal etkinlik \u00e7al\u0131\u015fmalar\u0131n\u0131n yap\u0131lmas\u0131,<\/li>\n<\/ol>\n<p><strong>2.\u00dcYELER SA\u011eLANAK OLANAK VE YARDIMLAR<\/strong><\/p>\n<ol>\n<li>M\u0130V-SAN \u00fcyeleri ve mimarlar\u0131n do\u011fal afetler sonucu acze d\u00fc\u015fmesi, kaza, hastal\u0131k ve benzeri durumlarda ortaya \u00e7\u0131kan acil ihtiya\u00e7lar\u0131n\u0131n kar\u015f\u0131lanmas\u0131 ama\u00e7l\u0131 kurulan fona kaynak yaratmak ama\u00e7l\u0131 ve ba\u011f\u0131\u015f toplamaya y\u00f6nelik kampanyalar d\u00fczenlenmesi,<\/li>\n<li>\u00dcyelere sa\u011flanan yard\u0131mlar\u0131n art\u0131r\u0131lmas\u0131 ve kapsam\u0131n\u0131n geni\u015fletilmesi<\/li>\n<li>M\u0130V-SAN ortak ve \u00fcyelerine mesleki \u00e7al\u0131\u015fmalar\u0131nda gereksinim duyduklar\u0131 al\u0131mlar\u0131nda indirim elde edebilecekleri olanaklar\u0131n sa\u011flanmas\u0131,<\/li>\n<li>Mesle\u011fe yeni ad\u0131m atan mimarlara yol g\u00f6sterici olunmas\u0131, i\u015flerini kurarken, yar\u0131\u015fmaya girmek istediklerinde kendilerine uzun vadeli kredi olanaklar\u0131 sa\u011flanmas\u0131,<\/li>\n<li>M\u0130V-SAN \u00fcyelerine \u00d6zel sa\u011fl\u0131k kurulu\u015flar\u0131ndan te\u015fhis ve tedavi hizmetlerinde indirim olanaklar\u0131 yaratmak \u00fczere \u00e7al\u0131\u015fma yap\u0131lmas\u0131,<\/li>\n<li>Mimarl\u0131k Toplulu\u011fumuzda sosyal birlikteli\u011fi geli\u015ftirmek amac\u0131yla \u00e7e\u015fitli K\u00fclt\u00fcrel faaliyetlerde \u00f6nc\u00fcl\u00fck edilerek, tiyatro, sinema, m\u00fcze vb. yerlere indirimli bilet temin edilmesinin sa\u011flamas\u0131,<\/li>\n<\/ol>\n<p>&nbsp;<\/p>\n<p><strong>TMMOB M\u0130MALAR ODASI \u0130LE \u0130L\u0130\u015eK\u0130LER VE M\u0130MARLAR TOPLULU\u011eUNA VER\u0130LECEK H\u0130ZMETLER<\/strong><\/p>\n<p><strong>1.M\u0130MARLAR ODASI \u0130LE \u0130L\u0130\u015eK\u0130LER<\/strong><\/p>\n<ol>\n<li>TMMOB Mimarlar Odas\u0131 Merkez ve \u015eube Y\u00f6neticileri ile iyi ileti\u015fim i\u00e7inde olarak Oda \u00dcyeleriyle ileti\u015fim sa\u011flamak<\/li>\n<li>TMMOB Mimarlar Odas\u0131 Yay\u0131nlar\u0131nda M\u0130V-SAN haber ve duyurular\u0131na yer verilmesini sa\u011flamak<\/li>\n<li>TMMOB Mimarlar Odas\u0131\u2019n\u0131n y\u0131ll\u0131k etkinlik programlar\u0131n\u0131 dikkate alarak, bu etkinliklerde tan\u0131t\u0131m yapmak ve T\u00fcrkiye genelinde mimarlarla ileti\u015fim sa\u011flamak amac\u0131yla M\u0130V-SAN stantlar\u0131 a\u00e7arak, yeni \u00fcye kazanma ve ba\u011f\u0131\u015f alarak kaynak yaratman\u0131n sa\u011flanmas\u0131,<\/li>\n<\/ol>\n<p><strong>2. M\u0130MARLIK ORTAMINA VER\u0130LECEK H\u0130ZMETLER<\/strong><\/p>\n<ul>\n<li>Mimarl\u0131k Vakf\u0131 Kurucu Kurul \u00dcyesi Mimarlar Odas\u0131 \u015eube ve Temsilciliklerle \u00f6rg\u00fctlenme \u00e7al\u0131\u015fmalar\u0131n\u0131n y\u00fcr\u00fct\u00fclmesi,<\/li>\n<li>M\u0130V-SAN \u00f6rg\u00fctlenmesi ve \u00fcye say\u0131s\u0131n\u0131n artt\u0131r\u0131lmas\u0131 konusunda TMMOB Mimarlar Odas\u0131 Y\u00f6netimi ile i\u015fbirli\u011fi yap\u0131lmas\u0131n\u0131n gereklili\u011finin bilinciyle gerekli ili\u015fki ve ileti\u015fimin kurulmas\u0131 \u00e7al\u0131\u015fmalar\u0131n\u0131n yap\u0131lmas\u0131,<\/li>\n<li>Mimarlar Odas\u0131 \u015eubelerinde tan\u0131t\u0131c\u0131 ve bilgilendirici etkinlikler d\u00fczenlenmesi,<\/li>\n<li>TMMOB Mimarlar Odas\u0131\u2019na \u00fcye olan her mimar\u0131n ayn\u0131 zamanda M\u0130V-SAN \u00fcyelik ko\u015fullar\u0131n\u0131 kabul ederek, M\u0130V-SAN \u00fcyesi olmas\u0131na y\u00f6nelik \u00e7al\u0131\u015fmalar\u0131n yap\u0131lmas\u0131, bu konuda BARO vb. meslek \u00f6rg\u00fct\u00fc sand\u0131klar\u0131 y\u00f6netmelik ve \u00e7al\u0131\u015fmalar\u0131n\u0131 inceleyerek, yararl\u0131 \u00f6rnekleri almak.<\/li>\n<\/ul>\n<p>[\/vc_column_text][\/vc_column][vc_column offset=&#8221;vc_col-md-4&#8243; css=&#8221;.vc_custom_1634567675642{border-left-width: 2px !important;padding-left: 30px !important;border-left-color: #26c7ef !important;border-left-style: solid !important;}&#8221;][vc_column_text]<\/p>\n<h4>4. D\u00d6NEM Y\u00d6NET\u0130M KURULU<\/h4>\n<p>[\/vc_column_text][vc_separator color=&#8221;turquoise&#8221; align=&#8221;align_left&#8221; border_width=&#8221;2&#8243; el_width=&#8221;70&#8243; css_animation=&#8221;slideInRight&#8221;][vc_column_text css=&#8221;.vc_custom_1634575043719{margin-top: 50px !important;}&#8221;]<strong>ASIL<\/strong><br \/>\n1. Erol T\u00fcrkmen-Ba\u015fkan (\u0130stanbul)<br \/>\n2. Salt\u0131k Y\u00fcceer-Ba\u015fkan Yrd. (\u0130stanbul)<br \/>\n3. Leyla Celep G\u00fcrsoy-Sekreter \u00dcye (\u0130stanbul)<br \/>\n4. Leman Ardo\u011fan-Sayman \u00dcye (Ankara)<br \/>\n5. Selcan Be\u015fik-\u00dcye (Ordu)<br \/>\n6. A. Tamer \u0130nceler-\u00dcye (\u0130stanbul)<br \/>\n7. Haluk G\u00f6k\u00e7ay-\u00dcye (Mersin)[\/vc_column_text][vc_separator color=&#8221;turquoise&#8221; align=&#8221;align_left&#8221; border_width=&#8221;2&#8243; el_width=&#8221;70&#8243; css_animation=&#8221;slideInRight&#8221;][vc_column_text css=&#8221;.vc_custom_1634575166284{margin-top: 50px !important;}&#8221;]<strong>YEDEK<\/strong><br \/>\n1. P\u0131nar Karaman (\u0130stanbul)<br \/>\n2. A. Serhan \u015eakar (\u0130stanbul)<br \/>\n3. \u0130lmen G\u00f6zde (\u0130stanbul)<br \/>\n4. Macit Toz (\u0130stanbul)<br \/>\n5. \u00d6zlem Ayd\u0131n (\u0130stanbul)<br \/>\n6. Tu\u011frul Eker (Ankara)<br \/>\n7. B\u00fc\u015fra Nural (\u0130stanbul)[\/vc_column_text][vc_separator color=&#8221;turquoise&#8221; align=&#8221;align_left&#8221; border_width=&#8221;2&#8243; el_width=&#8221;70&#8243; css_animation=&#8221;slideInUp&#8221; css=&#8221;.vc_custom_1634567850166{padding-bottom: 50px !important;}&#8221;][\/vc_column][\/vc_row]<\/p>\n","protected":false},"excerpt":{"rendered":"<p>[vc_row cth_layout=&#8221;monolit_page_sec&#8221; el_id=&#8221;sec1&#8243;][vc_column offset=&#8221;vc_col-md-8&#8243;][vc_column_text] 4. D\u00f6nem \u00c7al\u0131\u015fma Program\u0131 (2018 \u2013 2020) \u00c7al\u0131\u015fma Program\u0131 \u00fc\u00e7 ana ba\u015fl\u0131k alt\u0131nda ele al\u0131nm\u0131\u015ft\u0131r. &nbsp; M\u0130V-SAN\u2019IN G\u00dc\u00c7LEND\u0130R\u0130LMES\u0130 1 M\u0130MARLIK VAKF\u0130 \u0130LE \u0130L\u0130\u015eK\u0130LER Mimarl\u0131k Vakf\u0131 ile ili\u015fkilerin g\u00fc\u00e7lendirilmesi, Mimarl\u0131k Vakf\u0131 ile birlikte Mimarlar\u0131n yararlanabilece\u011fi, bir araya gelebilece\u011fi Mimarlar Evi. Mimarlar K\u00f6y\u00fc, Mimar \u00e7ocuklar\u0131n\u0131n e\u011fitilece\u011fi Kre\u015f, anaokulu vb. ger\u00e7ekle\u015ftirilmesi i\u00e7in yap\u0131lacak \u00e7al\u0131\u015fmalar\u0131n [&hellip;]<\/p>\n","protected":false},"author":1,"featured_media":0,"parent":0,"menu_order":0,"comment_status":"closed","ping_status":"closed","template":"page-fullwidth.php","meta":[],"_links":{"self":[{"href":"https:\/\/miv-san.org\/index.php?rest_route=\/wp\/v2\/pages\/970"}],"collection":[{"href":"https:\/\/miv-san.org\/index.php?rest_route=\/wp\/v2\/pages"}],"about":[{"href":"https:\/\/miv-san.org\/index.php?rest_route=\/wp\/v2\/types\/page"}],"author":[{"embeddable":true,"href":"https:\/\/miv-san.org\/index.php?rest_route=\/wp\/v2\/users\/1"}],"replies":[{"embeddable":true,"href":"https:\/\/miv-san.org\/index.php?rest_route=%2Fwp%2Fv2%2Fcomments&post=970"}],"version-history":[{"count":10,"href":"https:\/\/miv-san.org\/index.php?rest_route=\/wp\/v2\/pages\/970\/revisions"}],"predecessor-version":[{"id":981,"href":"https:\/\/miv-san.org\/index.php?rest_route=\/wp\/v2\/pages\/970\/revisions\/981"}],"wp:attachment":[{"href":"https:\/\/miv-san.org\/index.php?rest_route=%2Fwp%2Fv2%2Fmedia&parent=970"}],"curies":[{"name":"wp","href":"https:\/\/api.w.org\/{rel}","templated":true}]}}